{"id":11541,"date":"2020-02-24T09:10:31","date_gmt":"2020-02-24T02:10:31","guid":{"rendered":"http:\/\/ocsica.com\/?page_id=11541"},"modified":"2020-04-01T09:31:51","modified_gmt":"2020-04-01T02:31:51","slug":"introduce","status":"publish","type":"page","link":"https:\/\/bestray.com\/en\/introduce\/","title":{"rendered":"Introduce"},"content":{"rendered":"<p>[vc_row][vc_column][vc_column_text]<span style=\"font-size: 12pt;\">BESTRAY Joint Stock Company is a member of Huu Long Joint Stock Company, with over 15 years of experience specializing in Consulting, Manufacturing, Trading and Services in the electricity industry.<\/span><\/p>\n<p><span style=\"font-size: 12pt;\">With the aim of becoming a leading professional manufacturer in the field of supplying cable trays, wire mesh cable tray, electrical equipment in Vietnam market as well as exporting products to the world market. The Board of Directors of Huu Long Joint Stock Company has decided to divide the segment of Electrical Equipment production into a new brand, with an independently new legal entity.<\/span><\/p>\n<p><span style=\"font-size: 12pt;\">BESTRAY Joint Stock Company was officially established on September 21, 2018, it was born to orient and position the brand \u201cBestray\u201d specializing in the production of electrical equipment with the following brand product lines:<\/span>[\/vc_column_text][vc_row_inner][vc_column_inner width=&#8221;1\/3&#8243;][vc_single_image image=&#8221;8203&#8243; img_size=&#8221;full&#8221;][\/vc_column_inner][vc_column_inner width=&#8221;1\/3&#8243;][vc_single_image image=&#8221;8205&#8243; img_size=&#8221;full&#8221;][\/vc_column_inner][vc_column_inner width=&#8221;1\/3&#8243;][vc_single_image image=&#8221;8207&#8243; img_size=&#8221;full&#8221;][\/vc_column_inner][\/vc_row_inner][vc_column_text]<span style=\"font-size: 12pt;\">The factory of BESTRAY Joint Stock Company is located at 180\/7B, Tan Thoi 3 Hamlet, Tan Hiep Commune, Hoc Mon District, Ho Chi Minh City, with an area of \u200b\u200bnearly 5,000 m2. The company operates under the management of ISO 9001:2015 Quality Management System, with a team of experienced, enthusiastic engineers and highly skilled workers.<\/span><\/p>\n<p><span style=\"font-size: 12pt;\">With the inheritance of manufacturing experience from Huu Long Joint Stock Company, our BESTRAY Joint Stock Company commits to providing customers with products that ensure quality prestige, in accordance with international standards, the most reasonable price, contributing to creation of sustainable value works. Enhancing the position of Vietnamese products in the World market.<\/span><\/p>\n<p><span style=\"font-size: 12pt;\">Quality &#8211; Safety &#8211; Saving &#8211; Quickness &#8211; Devotion is the business motto that our company always aims to. Trust and success of customers are the standards for our success.<\/span><\/p>\n<p><span style=\"font-size: 12pt;\">\u201cBestray &#8211; Vietnamese brand bringing global quality\u201d<\/span>[\/vc_column_text][\/vc_column][\/vc_row][vc_row css=&#8221;.vc_custom_1573265869673{margin-bottom: 40px !important;}&#8221;][vc_column width=&#8221;1\/2&#8243;][vc_column_text]<\/p>\n<h2 class=\"vc_custom_heading font400 vc_custom_1494659073415\"><span style=\"color: #ff0000;\">Vision<\/span><\/h2>\n<div class=\"wpb_text_column wpb_content_element text-justify\">\n<div class=\"wpb_wrapper\">\n<p><span style=\"font-size: 12pt;\">To become a leading professional manufacturer in the field of providing cable trays, wire mesh cable tray, electrical equipment on the market of Vietnam and ASEAN.<\/span><\/p>\n<p><span style=\"font-size: 12pt;\">To bring Bestray\u2019s products to the World market.<\/span><\/p>\n<\/div>\n<\/div>\n<p>[\/vc_column_text][vc_empty_space height=&#8221;190px&#8221;][vc_hoverbox image=&#8221;13931&#8243; primary_title=&#8221;&#8221; hover_title=&#8221;Mission&#8221;][\/vc_hoverbox][\/vc_column][vc_column width=&#8221;1\/2&#8243;][vc_hoverbox image=&#8221;13929&#8243; primary_title=&#8221;&#8221; hover_title=&#8221;Vision&#8221;][\/vc_hoverbox][vc_empty_space height=&#8221;80px&#8221;][vc_column_text]<\/p>\n<h2 class=\"vc_custom_heading font400 vc_custom_1494659089133\"><span style=\"color: #ff0000;\">Mission<\/span><\/h2>\n<div class=\"wpb_text_column wpb_content_element text-justify\">\n<div class=\"wpb_wrapper\">\n<p><span style=\"font-size: 12pt;\">Always to create high quality products of cable trays, in accordance with international standards required (NEMA VE1, IEC 61537) to customers.<\/span><\/p>\n<p><span style=\"font-size: 12pt;\">To pioneer in researching and improving to offer more diverse types of cable trays, with higher loading capacity and performance than traditional types but still having to comply with technical standards and the price must be more competitive for customers to easily approach these preeminent products.<\/span><\/p>\n<p><span style=\"font-size: 12pt;\">To improve the most reasonable production process, upgrade and invest in modern machinery to increase productivity. Regularly training skills for employees to create high quality products and deliver timely to customers.<\/span><\/p>\n<\/div>\n<\/div>\n<p>[\/vc_column_text][\/vc_column][\/vc_row][vc_row css=&#8221;.vc_custom_1573265869673{margin-bottom: 40px !important;}&#8221;][vc_column width=&#8221;1\/2&#8243;][vc_column_text]<\/p>\n<h2 class=\"vc_custom_heading font400 vc_custom_1494659073415\"><span style=\"color: #ff0000;\"><strong>Core Purposes<\/strong><\/span><\/h2>\n<div class=\"wpb_text_column wpb_content_element text-justify\">\n<div class=\"wpb_wrapper\">\n<p><span style=\"font-size: 12pt;\">The customer&#8217;s satisfaction is our target<\/span><\/p>\n<p><span style=\"font-size: 12pt;\">Together learn and grow<\/span><\/p>\n<\/div>\n<\/div>\n<p>[\/vc_column_text][vc_empty_space height=&#8221;100px&#8221;][vc_hoverbox image=&#8221;13948&#8243; primary_title=&#8221;&#8221; hover_title=&#8221;Positioning&#8221;][\/vc_hoverbox][\/vc_column][vc_column width=&#8221;1\/2&#8243;][vc_hoverbox image=&#8221;13946&#8243; primary_title=&#8221;&#8221; hover_title=&#8221;Core Purposes&#8221;][\/vc_hoverbox][vc_empty_space height=&#8221;80px&#8221;][vc_column_text]<\/p>\n<h2 class=\"vc_custom_heading font400 vc_custom_1494659089133\"><span style=\"color: #ff0000;\"><strong>Positioning<\/strong><\/span><\/h2>\n<div class=\"wpb_text_column wpb_content_element text-justify\">\n<div class=\"wpb_wrapper\"><span style=\"font-size: 12pt;\">Vietnamese brand brings global quality.<\/span><\/div>\n<\/div>\n<p>[\/vc_column_text][\/vc_column][\/vc_row][vc_row css=&#8221;.vc_custom_1573265869673{margin-bottom: 40px !important;}&#8221;][vc_column width=&#8221;1\/2&#8243;][vc_column_text]<\/p>\n<h2 class=\"vc_custom_heading font400 vc_custom_1494659073415\"><span style=\"color: #ff0000;\"><strong>Quality policy<\/strong><\/span><\/h2>\n<div class=\"wpb_text_column wpb_content_element text-justify\">\n<div class=\"wpb_wrapper\">\n<p><span style=\"font-size: 12pt;\">Quality is the first and the most important task, decides the existence and development of the Company, so officers, employees of Bestray Joint Stock Company commit to:<\/span><\/p>\n<p><span style=\"font-size: 12pt;\">&#8211; Constantly enhancing professional capacity, accumulating experience to provide products and services with more perfect quality, more suitable price, more timely delivery to meet increasingly high needs of customers.<\/span><\/p>\n<p><span style=\"font-size: 12pt;\">&#8211; Continuously maintaning and improving quality management system.<\/span><\/p>\n<\/div>\n<\/div>\n<p>[\/vc_column_text][vc_empty_space height=&#8221;50px&#8221;][vc_hoverbox image=&#8221;13950&#8243; primary_title=&#8221;&#8221; hover_title=&#8221;Quality Commitment&#8221;][\/vc_hoverbox][\/vc_column][vc_column width=&#8221;1\/2&#8243;][vc_hoverbox image=&#8221;13952&#8243; primary_title=&#8221;&#8221; hover_title=&#8221;Quality policy&#8221;][\/vc_hoverbox][vc_empty_space height=&#8221;80px&#8221;][vc_column_text]<\/p>\n<h2 class=\"vc_custom_heading font400 vc_custom_1494659089133\"><span style=\"color: #ff0000;\"><strong>Quality Commitment<\/strong><\/span><\/h2>\n<div class=\"wpb_text_column wpb_content_element text-justify\">\n<div class=\"wpb_wrapper\"><span style=\"font-size: 12pt;\">We commit to bringing customers products with the highest quality, the most reasonable prices, ensuring prestige, contributing to creation of sustainable value works.<\/span><\/div>\n<\/div>\n<p>[\/vc_column_text][\/vc_column][\/vc_row]<\/p>\n","protected":false},"excerpt":{"rendered":"<p>[vc_row][vc_column][vc_column_text]BESTRAY Joint Stock Company is a member of Huu Long Joint Stock Company, with over 15 years of experience specializing in Consulting, Manufacturing, Trading and Services in the electricity industry. With the aim of becoming a leading professional manufacturer in &hellip; <a href=\"https:\/\/bestray.com\/en\/introduce\/\">Readmore<\/a><\/p>\n","protected":false},"author":1,"featured_media":8202,"parent":0,"menu_order":0,"comment_status":"closed","ping_status":"closed","template":"","meta":{"_acf_changed":false,"footnotes":""},"class_list":["post-11541","page","type-page","status-publish","has-post-thumbnail","hentry"],"acf":[],"yoast_head":"<!-- This site is optimized with the Yoast SEO plugin v26.6 - https:\/\/yoast.com\/wordpress\/plugins\/seo\/ -->\n<title>Introduce - Bestray Joint Stock Company<\/title>\n<meta name=\"description\" content=\"BESTRAY Joint Stock Company is a member of Huu Long Joint Stock Company, with over 15 years of experience specializing in Consulting, Manufacturing\" \/>\n<meta name=\"robots\" content=\"index, follow, max-snippet:-1, max-image-preview:large, max-video-preview:-1\" \/>\n<link rel=\"canonical\" href=\"https:\/\/bestray.com\/en\/introduce\/\" \/>\n<meta name=\"twitter:label1\" content=\"Est. reading time\" \/>\n\t<meta name=\"twitter:data1\" content=\"4 minutes\" \/>\n<meta name=\"geo.placename\" content=\"Th\u00e0nh ph\u1ed1 H\u1ed3 Ch\u00ed Minh\" \/>\n<meta name=\"geo.region\" content=\"Vietnam\" \/>\n<!-- \/ Yoast SEO plugin. -->","yoast_head_json":{"title":"Introduce - Bestray Joint Stock Company","description":"BESTRAY Joint Stock Company is a member of Huu Long Joint Stock Company, with over 15 years of experience specializing in Consulting, Manufacturing","robots":{"index":"index","follow":"follow","max-snippet":"max-snippet:-1","max-image-preview":"max-image-preview:large","max-video-preview":"max-video-preview:-1"},"canonical":"https:\/\/bestray.com\/en\/introduce\/","twitter_misc":{"Est. reading time":"4 minutes"},"schema":{"@context":"https:\/\/schema.org","@graph":[{"@type":"WebPage","@id":"https:\/\/bestray.com\/en\/introduce\/","url":"https:\/\/bestray.com\/en\/introduce\/","name":"Introduce - Bestray Joint Stock Company","isPartOf":{"@id":"https:\/\/bestray.com\/en\/#website"},"primaryImageOfPage":{"@id":"https:\/\/bestray.com\/en\/introduce\/#primaryimage"},"image":{"@id":"https:\/\/bestray.com\/en\/introduce\/#primaryimage"},"thumbnailUrl":"https:\/\/bestray.com\/wp-content\/uploads\/2018\/11\/Logo-Bestray-1.png","datePublished":"2020-02-24T02:10:31+00:00","dateModified":"2020-04-01T02:31:51+00:00","description":"BESTRAY Joint Stock Company is a member of Huu Long Joint Stock Company, with over 15 years of experience specializing in Consulting, Manufacturing","breadcrumb":{"@id":"https:\/\/bestray.com\/en\/introduce\/#breadcrumb"},"inLanguage":"en-US","potentialAction":[{"@type":"ReadAction","target":["https:\/\/bestray.com\/en\/introduce\/"]}]},{"@type":"ImageObject","inLanguage":"en-US","@id":"https:\/\/bestray.com\/en\/introduce\/#primaryimage","url":"https:\/\/bestray.com\/wp-content\/uploads\/2018\/11\/Logo-Bestray-1.png","contentUrl":"https:\/\/bestray.com\/wp-content\/uploads\/2018\/11\/Logo-Bestray-1.png","width":3509,"height":1087},{"@type":"BreadcrumbList","@id":"https:\/\/bestray.com\/en\/introduce\/#breadcrumb","itemListElement":[{"@type":"ListItem","position":1,"name":"Home","item":"https:\/\/bestray.com\/en\/"},{"@type":"ListItem","position":2,"name":"Introduce"}]},{"@type":"WebSite","@id":"https:\/\/bestray.com\/en\/#website","url":"https:\/\/bestray.com\/en\/","name":"Bestray Joint Stock Company","description":"","publisher":{"@id":"https:\/\/bestray.com\/en\/#organization"},"potentialAction":[{"@type":"SearchAction","target":{"@type":"EntryPoint","urlTemplate":"https:\/\/bestray.com\/en\/?s={search_term_string}"},"query-input":{"@type":"PropertyValueSpecification","valueRequired":true,"valueName":"search_term_string"}}],"inLanguage":"en-US"},{"@type":["Organization","Place","LocalBusiness"],"@id":"https:\/\/bestray.com\/en\/#organization","name":"C\u00d4NG TY C\u1ed4 PH\u1ea6N BESTRAY","url":"https:\/\/bestray.com\/en\/","logo":{"@id":"https:\/\/bestray.com\/en\/introduce\/#local-main-organization-logo"},"image":{"@id":"https:\/\/bestray.com\/en\/introduce\/#local-main-organization-logo"},"address":{"@id":"https:\/\/bestray.com\/en\/introduce\/#local-main-place-address"},"geo":{"@type":"GeoCoordinates","latitude":"10.9021783","longitude":"106.5791444"},"telephone":["+84909089678"],"openingHoursSpecification":[{"@type":"OpeningHoursSpecification","dayOfWeek":["Monday","Tuesday","Wednesday","Thursday","Friday","Saturday"],"opens":"07:30","closes":"17:00"},{"@type":"OpeningHoursSpecification","dayOfWeek":["Sunday"],"opens":"00:00","closes":"00:00"}],"email":"info@bestray.com","areaServed":"Vi\u1ec7t Nam","vatID":"0315285398","taxID":"0315285398","priceRange":"$$$","currenciesAccepted":"VND"},{"@type":"PostalAddress","@id":"https:\/\/bestray.com\/en\/introduce\/#local-main-place-address","streetAddress":"180\/7B \u1ea5p T\u00e2n Th\u1edbi 3, T\u00e2n Hi\u1ec7p, H\u00f3c M\u00f4n","addressLocality":"Th\u00e0nh ph\u1ed1 H\u1ed3 Ch\u00ed Minh","postalCode":"700000","addressRegion":"Th\u00e0nh ph\u1ed1 H\u1ed3 Ch\u00ed Minh","addressCountry":"VN"},{"@type":"ImageObject","inLanguage":"en-US","@id":"https:\/\/bestray.com\/en\/introduce\/#local-main-organization-logo","url":"https:\/\/bestray.com\/wp-content\/uploads\/2018\/12\/logo-best-trang.png","contentUrl":"https:\/\/bestray.com\/wp-content\/uploads\/2018\/12\/logo-best-trang.png","width":180,"height":56,"caption":"C\u00d4NG TY C\u1ed4 PH\u1ea6N BESTRAY"}]},"geo.placename":"Th\u00e0nh ph\u1ed1 H\u1ed3 Ch\u00ed Minh","geo.position":{"lat":"10.9021783","long":"106.5791444"},"geo.region":"Vietnam"},"_links":{"self":[{"href":"https:\/\/bestray.com\/en\/wp-json\/wp\/v2\/pages\/11541","targetHints":{"allow":["GET"]}}],"collection":[{"href":"https:\/\/bestray.com\/en\/wp-json\/wp\/v2\/pages"}],"about":[{"href":"https:\/\/bestray.com\/en\/wp-json\/wp\/v2\/types\/page"}],"author":[{"embeddable":true,"href":"https:\/\/bestray.com\/en\/wp-json\/wp\/v2\/users\/1"}],"replies":[{"embeddable":true,"href":"https:\/\/bestray.com\/en\/wp-json\/wp\/v2\/comments?post=11541"}],"version-history":[{"count":0,"href":"https:\/\/bestray.com\/en\/wp-json\/wp\/v2\/pages\/11541\/revisions"}],"wp:featuredmedia":[{"embeddable":true,"href":"https:\/\/bestray.com\/en\/wp-json\/wp\/v2\/media\/8202"}],"wp:attachment":[{"href":"https:\/\/bestray.com\/en\/wp-json\/wp\/v2\/media?parent=11541"}],"curies":[{"name":"wp","href":"https:\/\/api.w.org\/{rel}","templated":true}]}}