{"id":11546,"date":"2020-02-24T09:24:27","date_gmt":"2020-02-24T02:24:27","guid":{"rendered":"http:\/\/ocsica.com\/?page_id=11546"},"modified":"2022-03-30T17:39:00","modified_gmt":"2022-03-30T10:39:00","slug":"contact","status":"publish","type":"page","link":"https:\/\/bestray.com\/en\/contact\/","title":{"rendered":"Contact"},"content":{"rendered":"<p>[vc_row el_id=&#8221;my_contact&#8221;][vc_column width=&#8221;1\/2&#8243;][vc_gmaps link=&#8221;#E-8_JTNDaWZyYW1lJTIwc3JjJTNEJTIyaHR0cHMlM0ElMkYlMkZ3d3cuZ29vZ2xlLmNvbSUyRm1hcHMlMkZlbWJlZCUzRnBiJTNEJTIxMW0xOCUyMTFtMTIlMjExbTMlMjExZDM5MTcuODQ4NzM4NjYzNDQ4MyUyMTJkMTA2LjU3NjU1MTMxNDYyMzYzJTIxM2QxMC44OTkwOTc5OTIyMzgzNjklMjEybTMlMjExZjAlMjEyZjAlMjEzZjAlMjEzbTIlMjExaTEwMjQlMjEyaTc2OCUyMTRmMTMuMSUyMTNtMyUyMTFtMiUyMTFzMHgzMTc0ZDU3NjgxNDk2NjYzJTI1M0EweDI0YjRhZmNjYzcxMmJjYjUlMjEyelE4T1VUa2NnVkZrZ1EtRzdsQ0JRU09HNnBrNGdRa1ZUVkZKQldRJTIxNWUwJTIxM20yJTIxMXNlbiUyMTJzJTIxNHYxNTgzMzc2OTc3NTc4JTIxNW0yJTIxMXNlbiUyMTJzJTIyJTIwd2lkdGglM0QlMjIxMDAlMjUlMjIlMjBoZWlnaHQlM0QlMjIzNTAlMjIlMjBmcmFtZWJvcmRlciUzRCUyMjAlMjIlMjBzdHlsZSUzRCUyMmJvcmRlciUzQTAlM0IlMjIlMjBhbGxvd2Z1bGxzY3JlZW4lM0QlMjIlMjIlM0UlM0MlMkZpZnJhbWUlM0U=&#8221;][\/vc_column][vc_column width=&#8221;1\/2&#8243;]\n<div class=\"wpcf7 no-js\" id=\"wpcf7-f11548-o1\" lang=\"en-US\" dir=\"ltr\" data-wpcf7-id=\"11548\">\n<div class=\"screen-reader-response\"><p role=\"status\" aria-live=\"polite\" aria-atomic=\"true\"><\/p> <ul><\/ul><\/div>\n<form action=\"\/en\/wp-json\/wp\/v2\/pages\/11546#wpcf7-f11548-o1\" method=\"post\" class=\"wpcf7-form init\" aria-label=\"Contact form\" novalidate=\"novalidate\" data-status=\"init\">\n<fieldset class=\"hidden-fields-container\"><input type=\"hidden\" name=\"_wpcf7\" value=\"11548\" \/><input type=\"hidden\" name=\"_wpcf7_version\" value=\"6.1.4\" \/><input type=\"hidden\" name=\"_wpcf7_locale\" value=\"en_US\" \/><input type=\"hidden\" name=\"_wpcf7_unit_tag\" value=\"wpcf7-f11548-o1\" \/><input type=\"hidden\" name=\"_wpcf7_container_post\" value=\"0\" \/><input type=\"hidden\" name=\"_wpcf7_posted_data_hash\" value=\"\" \/>\n<\/fieldset>\n<div role=\"form\" class=\"wpcf7\" id=\"wpcf7-f139-p140-o1 form-lien-he\" dir=\"ltr\">\n\t<p><br \/>\n<span class=\"wpcf7-form-control-wrap your-name\"><br \/>\n<span class=\"wpcf7-form-control-wrap\" data-name=\"name-you\"><input size=\"40\" maxlength=\"400\" class=\"wpcf7-form-control wpcf7-text\" aria-invalid=\"false\" placeholder=\"Your Name\" value=\"\" type=\"text\" name=\"name-you\" \/><\/span><\/span>\n\t<\/p>\n\t<p><br \/>\n<span class=\"wpcf7-form-control-wrap your-email\"><span class=\"wpcf7-form-control-wrap\" data-name=\"email-202\"><input size=\"40\" maxlength=\"400\" class=\"wpcf7-form-control wpcf7-email wpcf7-validates-as-required wpcf7-text wpcf7-validates-as-email\" aria-required=\"true\" aria-invalid=\"false\" placeholder=\"E-mail\" value=\"\" type=\"email\" name=\"email-202\" \/><\/span><\/span>\n\t<\/p>\n\t<p><br \/>\n<span class=\"wpcf7-form-control-wrap your-subject\"><span class=\"wpcf7-form-control-wrap\" data-name=\"title\"><input size=\"40\" maxlength=\"400\" class=\"wpcf7-form-control wpcf7-text\" aria-invalid=\"false\" placeholder=\"Title\" value=\"\" type=\"text\" name=\"title\" \/><\/span><\/span>\n\t<\/p>\n\t<p><br \/>\n<span class=\"wpcf7-form-control-wrap your-message\"><span class=\"wpcf7-form-control-wrap\" data-name=\"content\"><textarea cols=\"40\" rows=\"10\" maxlength=\"2000\" class=\"wpcf7-form-control wpcf7-textarea wpcf7-validates-as-required\" aria-required=\"true\" aria-invalid=\"false\" name=\"content\">Content<\/textarea><\/span><\/span>\n\t<\/p>\n\t<p class=\"senmail-buttom\"><input class=\"wpcf7-form-control wpcf7-submit has-spinner\" type=\"submit\" value=\"Submit\" \/>\n\t<\/p>\n<\/div><div class=\"wpcf7-response-output\" aria-hidden=\"true\"><\/div>\n<\/form>\n<\/div>\n[\/vc_column][\/vc_row][vc_row][vc_column width=&#8221;1\/2&#8243;][vc_column_text]<span style=\"font-size: 12pt;\">BESTRAY Joint Stock Company is a member of Huu Long Joint Stock Company, with over 15 years of experience specializing in Consulting, Manufacturing, Trading and Services in the electricity industry.<\/span><\/p>\n<p><span style=\"font-size: 12pt;\">With the aim of becoming a leading professional manufacturer in the field of supplying cable trays, wire mesh cable tray, electrical equipment in Vietnam market as well as exporting products to the world market. The Board of Directors of Huu Long Joint Stock Company has decided to divide the segment of Electrical Equipment production into a new brand, with an independently new legal entity.<\/span><\/p>\n<p>[\/vc_column_text][vc_message icon_fontawesome=&#8221;fa fa-map-marker&#8221;]<strong>Address :<\/strong> 180\/7B, Tan Thoi 3rd Hamlet, Tan Hiep Village, Hoc Mon District, HCMC.[\/vc_message][vc_message icon_fontawesome=&#8221;fa fa-volume-control-phone&#8221;]<strong>\u0110i\u1ec7n tho\u1ea1i :<\/strong> \u00a0<a title=\"(028)-3713 3076.\" href=\"tel:02837133076.\">(028)-3713 3076<\/a><\/p>\n<p><strong>E-mail: <\/strong>info@bestray.com &#8211; sales@bestray.com[\/vc_message][vc_message icon_fontawesome=&#8221;fa fa-volume-control-phone&#8221;]<strong>Ms Huy\u1ec1n (Sales Executive) :<\/strong> <a title=\"Ms Huy\u1ec1n 0784 531 668\" href=\"tel: 0784531668\">0784 531 668<\/a><\/p>\n<p><strong>E-mail: <\/strong>huyen@bestray.com[\/vc_message][vc_message icon_fontawesome=&#8221;fa fa-volume-control-phone&#8221;]<strong>Ms. Siriwan :<\/strong> 0906 636 282<\/p>\n<p><strong>E-mail: <\/strong>siriwan@bestray.com[\/vc_message][\/vc_column][vc_column width=&#8221;1\/2&#8243;][vc_single_image image=&#8221;8447&#8243; img_size=&#8221;full&#8221; alignment=&#8221;center&#8221;][\/vc_column][\/vc_row]<\/p>\n","protected":false},"excerpt":{"rendered":"<p>[vc_row el_id=&#8221;my_contact&#8221;][vc_column width=&#8221;1\/2&#8243;][vc_gmaps link=&#8221;#E-8_JTNDaWZyYW1lJTIwc3JjJTNEJTIyaHR0cHMlM0ElMkYlMkZ3d3cuZ29vZ2xlLmNvbSUyRm1hcHMlMkZlbWJlZCUzRnBiJTNEJTIxMW0xOCUyMTFtMTIlMjExbTMlMjExZDM5MTcuODQ4NzM4NjYzNDQ4MyUyMTJkMTA2LjU3NjU1MTMxNDYyMzYzJTIxM2QxMC44OTkwOTc5OTIyMzgzNjklMjEybTMlMjExZjAlMjEyZjAlMjEzZjAlMjEzbTIlMjExaTEwMjQlMjEyaTc2OCUyMTRmMTMuMSUyMTNtMyUyMTFtMiUyMTFzMHgzMTc0ZDU3NjgxNDk2NjYzJTI1M0EweDI0YjRhZmNjYzcxMmJjYjUlMjEyelE4T1VUa2NnVkZrZ1EtRzdsQ0JRU09HNnBrNGdRa1ZUVkZKQldRJTIxNWUwJTIxM20yJTIxMXNlbiUyMTJzJTIxNHYxNTgzMzc2OTc3NTc4JTIxNW0yJTIxMXNlbiUyMTJzJTIyJTIwd2lkdGglM0QlMjIxMDAlMjUlMjIlMjBoZWlnaHQlM0QlMjIzNTAlMjIlMjBmcmFtZWJvcmRlciUzRCUyMjAlMjIlMjBzdHlsZSUzRCUyMmJvcmRlciUzQTAlM0IlMjIlMjBhbGxvd2Z1bGxzY3JlZW4lM0QlMjIlMjIlM0UlM0MlMkZpZnJhbWUlM0U=&#8221;][\/vc_column][vc_column width=&#8221;1\/2&#8243;][\/vc_column][\/vc_row][vc_row][vc_column width=&#8221;1\/2&#8243;][vc_column_text]BESTRAY Joint Stock Company is a member of Huu Long Joint Stock Company, with over 15 years of experience specializing in Consulting, Manufacturing, Trading and Services in the electricity industry. With the aim of becoming &hellip; <a href=\"https:\/\/bestray.com\/en\/contact\/\">Readmore<\/a><\/p>\n","protected":false},"author":1,"featured_media":0,"parent":0,"menu_order":0,"comment_status":"closed","ping_status":"closed","template":"","meta":{"_acf_changed":false,"footnotes":""},"class_list":["post-11546","page","type-page","status-publish","hentry"],"acf":[],"yoast_head":"<!-- This site is optimized with the Yoast SEO plugin v26.6 - https:\/\/yoast.com\/wordpress\/plugins\/seo\/ -->\n<title>Contact - Bestray Joint Stock Company<\/title>\n<meta name=\"description\" content=\"BESTRAY Joint Stock Company is a member of Huu Long Joint Stock Company, with over 15 years of experience specializing in Consulting, Manufacturing\" \/>\n<meta name=\"robots\" content=\"index, follow, max-snippet:-1, max-image-preview:large, max-video-preview:-1\" \/>\n<link rel=\"canonical\" href=\"https:\/\/bestray.com\/en\/contact\/\" \/>\n<meta name=\"twitter:label1\" content=\"Est. reading time\" \/>\n\t<meta name=\"twitter:data1\" content=\"1 minute\" \/>\n<meta name=\"geo.placename\" content=\"Th\u00e0nh ph\u1ed1 H\u1ed3 Ch\u00ed Minh\" \/>\n<meta name=\"geo.region\" content=\"Vietnam\" \/>\n<!-- \/ Yoast SEO plugin. -->","yoast_head_json":{"title":"Contact - Bestray Joint Stock Company","description":"BESTRAY Joint Stock Company is a member of Huu Long Joint Stock Company, with over 15 years of experience specializing in Consulting, Manufacturing","robots":{"index":"index","follow":"follow","max-snippet":"max-snippet:-1","max-image-preview":"max-image-preview:large","max-video-preview":"max-video-preview:-1"},"canonical":"https:\/\/bestray.com\/en\/contact\/","twitter_misc":{"Est. reading time":"1 minute"},"schema":{"@context":"https:\/\/schema.org","@graph":[{"@type":"WebPage","@id":"https:\/\/bestray.com\/en\/contact\/","url":"https:\/\/bestray.com\/en\/contact\/","name":"Contact - Bestray Joint Stock Company","isPartOf":{"@id":"https:\/\/bestray.com\/en\/#website"},"datePublished":"2020-02-24T02:24:27+00:00","dateModified":"2022-03-30T10:39:00+00:00","description":"BESTRAY Joint Stock Company is a member of Huu Long Joint Stock Company, with over 15 years of experience specializing in Consulting, Manufacturing","breadcrumb":{"@id":"https:\/\/bestray.com\/en\/contact\/#breadcrumb"},"inLanguage":"en-US","potentialAction":[{"@type":"ReadAction","target":["https:\/\/bestray.com\/en\/contact\/"]}]},{"@type":"BreadcrumbList","@id":"https:\/\/bestray.com\/en\/contact\/#breadcrumb","itemListElement":[{"@type":"ListItem","position":1,"name":"Home","item":"https:\/\/bestray.com\/en\/"},{"@type":"ListItem","position":2,"name":"Contact"}]},{"@type":"WebSite","@id":"https:\/\/bestray.com\/en\/#website","url":"https:\/\/bestray.com\/en\/","name":"Bestray Joint Stock Company","description":"","publisher":{"@id":"https:\/\/bestray.com\/en\/#organization"},"potentialAction":[{"@type":"SearchAction","target":{"@type":"EntryPoint","urlTemplate":"https:\/\/bestray.com\/en\/?s={search_term_string}"},"query-input":{"@type":"PropertyValueSpecification","valueRequired":true,"valueName":"search_term_string"}}],"inLanguage":"en-US"},{"@type":["Organization","Place","LocalBusiness"],"@id":"https:\/\/bestray.com\/en\/#organization","name":"C\u00d4NG TY C\u1ed4 PH\u1ea6N BESTRAY","url":"https:\/\/bestray.com\/en\/","logo":{"@id":"https:\/\/bestray.com\/en\/contact\/#local-main-organization-logo"},"image":{"@id":"https:\/\/bestray.com\/en\/contact\/#local-main-organization-logo"},"address":{"@id":"https:\/\/bestray.com\/en\/contact\/#local-main-place-address"},"geo":{"@type":"GeoCoordinates","latitude":"10.9021783","longitude":"106.5791444"},"telephone":["+84909089678"],"openingHoursSpecification":[{"@type":"OpeningHoursSpecification","dayOfWeek":["Monday","Tuesday","Wednesday","Thursday","Friday","Saturday"],"opens":"07:30","closes":"17:00"},{"@type":"OpeningHoursSpecification","dayOfWeek":["Sunday"],"opens":"00:00","closes":"00:00"}],"email":"info@bestray.com","areaServed":"Vi\u1ec7t Nam","vatID":"0315285398","taxID":"0315285398","priceRange":"$$$","currenciesAccepted":"VND"},{"@type":"PostalAddress","@id":"https:\/\/bestray.com\/en\/contact\/#local-main-place-address","streetAddress":"180\/7B \u1ea5p T\u00e2n Th\u1edbi 3, T\u00e2n Hi\u1ec7p, H\u00f3c M\u00f4n","addressLocality":"Th\u00e0nh ph\u1ed1 H\u1ed3 Ch\u00ed Minh","postalCode":"700000","addressRegion":"Th\u00e0nh ph\u1ed1 H\u1ed3 Ch\u00ed Minh","addressCountry":"VN"},{"@type":"ImageObject","inLanguage":"en-US","@id":"https:\/\/bestray.com\/en\/contact\/#local-main-organization-logo","url":"https:\/\/bestray.com\/wp-content\/uploads\/2018\/12\/logo-best-trang.png","contentUrl":"https:\/\/bestray.com\/wp-content\/uploads\/2018\/12\/logo-best-trang.png","width":180,"height":56,"caption":"C\u00d4NG TY C\u1ed4 PH\u1ea6N BESTRAY"}]},"geo.placename":"Th\u00e0nh ph\u1ed1 H\u1ed3 Ch\u00ed Minh","geo.position":{"lat":"10.9021783","long":"106.5791444"},"geo.region":"Vietnam"},"_links":{"self":[{"href":"https:\/\/bestray.com\/en\/wp-json\/wp\/v2\/pages\/11546","targetHints":{"allow":["GET"]}}],"collection":[{"href":"https:\/\/bestray.com\/en\/wp-json\/wp\/v2\/pages"}],"about":[{"href":"https:\/\/bestray.com\/en\/wp-json\/wp\/v2\/types\/page"}],"author":[{"embeddable":true,"href":"https:\/\/bestray.com\/en\/wp-json\/wp\/v2\/users\/1"}],"replies":[{"embeddable":true,"href":"https:\/\/bestray.com\/en\/wp-json\/wp\/v2\/comments?post=11546"}],"version-history":[{"count":0,"href":"https:\/\/bestray.com\/en\/wp-json\/wp\/v2\/pages\/11546\/revisions"}],"wp:attachment":[{"href":"https:\/\/bestray.com\/en\/wp-json\/wp\/v2\/media?parent=11546"}],"curies":[{"name":"wp","href":"https:\/\/api.w.org\/{rel}","templated":true}]}}