{"id":16735,"date":"2020-10-31T09:00:49","date_gmt":"2020-10-31T02:00:49","guid":{"rendered":"https:\/\/bestray.com\/?page_id=16735"},"modified":"2021-08-02T14:25:32","modified_gmt":"2021-08-02T07:25:32","slug":"bestray-gallery","status":"publish","type":"page","link":"https:\/\/bestray.com\/en\/bestray-gallery\/","title":{"rendered":"Gallery"},"content":{"rendered":"<p>[vc_row][vc_column][vc_basic_grid post_type=&#8221;post&#8221; max_items=&#8221;100&#8243; style=&#8221;pagination&#8221; grid_id=&#8221;vc_gid:1604117926360-8da76bb5-39b1-5&#8243; taxonomies=&#8221;306&#8243;][\/vc_column][\/vc_row]<\/p>\n","protected":false},"excerpt":{"rendered":"<p>[vc_row][vc_column][vc_basic_grid post_type=&#8221;post&#8221; max_items=&#8221;100&#8243; style=&#8221;pagination&#8221; grid_id=&#8221;vc_gid:1604117926360-8da76bb5-39b1-5&#8243; taxonomies=&#8221;306&#8243;][\/vc_column][\/vc_row]<\/p>\n","protected":false},"author":1,"featured_media":21197,"parent":0,"menu_order":0,"comment_status":"closed","ping_status":"closed","template":"page-gallery.php","meta":{"_acf_changed":false,"footnotes":""},"class_list":["post-16735","page","type-page","status-publish","has-post-thumbnail","hentry"],"acf":[],"yoast_head":"<!-- This site is optimized with the Yoast SEO plugin v26.6 - https:\/\/yoast.com\/wordpress\/plugins\/seo\/ -->\n<title>Gallery - Bestray Joint Stock Company<\/title>\n<meta name=\"description\" content=\"In this category you will see the images of our products with high resolution, sharp images of wire mesh trays, cable tray ladders and cable trays.\" \/>\n<meta name=\"robots\" content=\"index, follow, max-snippet:-1, max-image-preview:large, max-video-preview:-1\" \/>\n<link rel=\"canonical\" href=\"https:\/\/bestray.com\/en\/bestray-gallery\/\" \/>\n<meta name=\"geo.placename\" content=\"Th\u00e0nh ph\u1ed1 H\u1ed3 Ch\u00ed Minh\" \/>\n<meta name=\"geo.region\" content=\"Vietnam\" \/>\n<!-- \/ Yoast SEO plugin. -->","yoast_head_json":{"title":"Gallery - Bestray Joint Stock Company","description":"In this category you will see the images of our products with high resolution, sharp images of wire mesh trays, cable tray ladders and cable trays.","robots":{"index":"index","follow":"follow","max-snippet":"max-snippet:-1","max-image-preview":"max-image-preview:large","max-video-preview":"max-video-preview:-1"},"canonical":"https:\/\/bestray.com\/en\/bestray-gallery\/","schema":{"@context":"https:\/\/schema.org","@graph":[{"@type":"WebPage","@id":"https:\/\/bestray.com\/en\/bestray-gallery\/","url":"https:\/\/bestray.com\/en\/bestray-gallery\/","name":"Gallery - Bestray Joint Stock Company","isPartOf":{"@id":"https:\/\/bestray.com\/en\/#website"},"primaryImageOfPage":{"@id":"https:\/\/bestray.com\/en\/bestray-gallery\/#primaryimage"},"image":{"@id":"https:\/\/bestray.com\/en\/bestray-gallery\/#primaryimage"},"thumbnailUrl":"https:\/\/bestray.com\/wp-content\/uploads\/2021\/07\/Thang-Mang-Cap-A32-47.jpg","datePublished":"2020-10-31T02:00:49+00:00","dateModified":"2021-08-02T07:25:32+00:00","description":"In this category you will see the images of our products with high resolution, sharp images of wire mesh trays, cable tray ladders and cable trays.","breadcrumb":{"@id":"https:\/\/bestray.com\/en\/bestray-gallery\/#breadcrumb"},"inLanguage":"en-US","potentialAction":[{"@type":"ReadAction","target":["https:\/\/bestray.com\/en\/bestray-gallery\/"]}]},{"@type":"ImageObject","inLanguage":"en-US","@id":"https:\/\/bestray.com\/en\/bestray-gallery\/#primaryimage","url":"https:\/\/bestray.com\/wp-content\/uploads\/2021\/07\/Thang-Mang-Cap-A32-47.jpg","contentUrl":"https:\/\/bestray.com\/wp-content\/uploads\/2021\/07\/Thang-Mang-Cap-A32-47.jpg","width":1778,"height":1000,"caption":"Thang-mang-cap-A32(47)"},{"@type":"BreadcrumbList","@id":"https:\/\/bestray.com\/en\/bestray-gallery\/#breadcrumb","itemListElement":[{"@type":"ListItem","position":1,"name":"Home","item":"https:\/\/bestray.com\/en\/"},{"@type":"ListItem","position":2,"name":"Gallery"}]},{"@type":"WebSite","@id":"https:\/\/bestray.com\/en\/#website","url":"https:\/\/bestray.com\/en\/","name":"Bestray Joint Stock Company","description":"","publisher":{"@id":"https:\/\/bestray.com\/en\/#organization"},"potentialAction":[{"@type":"SearchAction","target":{"@type":"EntryPoint","urlTemplate":"https:\/\/bestray.com\/en\/?s={search_term_string}"},"query-input":{"@type":"PropertyValueSpecification","valueRequired":true,"valueName":"search_term_string"}}],"inLanguage":"en-US"},{"@type":["Organization","Place","LocalBusiness"],"@id":"https:\/\/bestray.com\/en\/#organization","name":"C\u00d4NG TY C\u1ed4 PH\u1ea6N BESTRAY","url":"https:\/\/bestray.com\/en\/","logo":{"@id":"https:\/\/bestray.com\/en\/bestray-gallery\/#local-main-organization-logo"},"image":{"@id":"https:\/\/bestray.com\/en\/bestray-gallery\/#local-main-organization-logo"},"address":{"@id":"https:\/\/bestray.com\/en\/bestray-gallery\/#local-main-place-address"},"geo":{"@type":"GeoCoordinates","latitude":"10.9021783","longitude":"106.5791444"},"telephone":["+84909089678"],"openingHoursSpecification":[{"@type":"OpeningHoursSpecification","dayOfWeek":["Monday","Tuesday","Wednesday","Thursday","Friday","Saturday"],"opens":"07:30","closes":"17:00"},{"@type":"OpeningHoursSpecification","dayOfWeek":["Sunday"],"opens":"00:00","closes":"00:00"}],"email":"info@bestray.com","areaServed":"Vi\u1ec7t Nam","vatID":"0315285398","taxID":"0315285398","priceRange":"$$$","currenciesAccepted":"VND"},{"@type":"PostalAddress","@id":"https:\/\/bestray.com\/en\/bestray-gallery\/#local-main-place-address","streetAddress":"180\/7B \u1ea5p T\u00e2n Th\u1edbi 3, T\u00e2n Hi\u1ec7p, H\u00f3c M\u00f4n","addressLocality":"Th\u00e0nh ph\u1ed1 H\u1ed3 Ch\u00ed Minh","postalCode":"700000","addressRegion":"Th\u00e0nh ph\u1ed1 H\u1ed3 Ch\u00ed Minh","addressCountry":"VN"},{"@type":"ImageObject","inLanguage":"en-US","@id":"https:\/\/bestray.com\/en\/bestray-gallery\/#local-main-organization-logo","url":"https:\/\/bestray.com\/wp-content\/uploads\/2018\/12\/logo-best-trang.png","contentUrl":"https:\/\/bestray.com\/wp-content\/uploads\/2018\/12\/logo-best-trang.png","width":180,"height":56,"caption":"C\u00d4NG TY C\u1ed4 PH\u1ea6N BESTRAY"}]},"geo.placename":"Th\u00e0nh ph\u1ed1 H\u1ed3 Ch\u00ed Minh","geo.position":{"lat":"10.9021783","long":"106.5791444"},"geo.region":"Vietnam"},"_links":{"self":[{"href":"https:\/\/bestray.com\/en\/wp-json\/wp\/v2\/pages\/16735","targetHints":{"allow":["GET"]}}],"collection":[{"href":"https:\/\/bestray.com\/en\/wp-json\/wp\/v2\/pages"}],"about":[{"href":"https:\/\/bestray.com\/en\/wp-json\/wp\/v2\/types\/page"}],"author":[{"embeddable":true,"href":"https:\/\/bestray.com\/en\/wp-json\/wp\/v2\/users\/1"}],"replies":[{"embeddable":true,"href":"https:\/\/bestray.com\/en\/wp-json\/wp\/v2\/comments?post=16735"}],"version-history":[{"count":0,"href":"https:\/\/bestray.com\/en\/wp-json\/wp\/v2\/pages\/16735\/revisions"}],"wp:featuredmedia":[{"embeddable":true,"href":"https:\/\/bestray.com\/en\/wp-json\/wp\/v2\/media\/21197"}],"wp:attachment":[{"href":"https:\/\/bestray.com\/en\/wp-json\/wp\/v2\/media?parent=16735"}],"curies":[{"name":"wp","href":"https:\/\/api.w.org\/{rel}","templated":true}]}}