{"id":15252,"date":"2020-10-18T07:52:20","date_gmt":"2020-10-18T00:52:20","guid":{"rendered":"https:\/\/bestray.com\/?post_type=product&#038;p=15252"},"modified":"2021-07-29T13:01:51","modified_gmt":"2021-07-29T06:01:51","slug":"horizontal-elbow-90-degrees","status":"publish","type":"product","link":"https:\/\/bestray.com\/en\/horizontal-elbow-90-degrees\/","title":{"rendered":"Horizontal Elbow 90 Degrees"},"content":{"rendered":"<p><img fetchpriority=\"high\" decoding=\"async\" class=\"img-responsive size-full wp-image-15459\" src=\"https:\/\/bestray.com\/wp-content\/uploads\/2020\/10\/Cable-Ladder-CLC-EN-10.jpg\" alt=\"\" width=\"3300\" height=\"1770\" \/><\/p>\n<p><img decoding=\"async\" class=\"img-responsive size-full wp-image-15461\" src=\"https:\/\/bestray.com\/wp-content\/uploads\/2020\/10\/Cable-Ladder-CLC-EN-11.jpg\" alt=\"\" width=\"3300\" height=\"1770\" \/><\/p>\n<p><img decoding=\"async\" class=\"img-responsive size-full wp-image-15463\" src=\"https:\/\/bestray.com\/wp-content\/uploads\/2020\/10\/Cable-Ladder-CLC-EN-12.jpg\" alt=\"\" width=\"3300\" height=\"1770\" \/><\/p>\n","protected":false},"excerpt":{"rendered":"","protected":false},"featured_media":15214,"template":"","meta":{"_acf_changed":false},"product_cat":[237,238],"product_tag":[],"class_list":{"0":"post-15252","1":"product","2":"type-product","3":"status-publish","4":"has-post-thumbnail","6":"product_brand-best-tray","7":"product_cat-cable-ladder","8":"product_cat-clc-en","10":"first","11":"instock","12":"shipping-taxable","13":"product-type-simple"},"acf":[],"yoast_head":"<!-- This site is optimized with the Yoast SEO plugin v26.6 - https:\/\/yoast.com\/wordpress\/plugins\/seo\/ -->\n<title>Horizontal Elbow 90 Degrees - Bestray Joint Stock Company<\/title>\n<meta name=\"description\" content=\"horizontal elbow 90 degrees is a product of bestray It belongs to the cable ladder product line We are committed to the quality of our products\" \/>\n<meta name=\"robots\" content=\"index, follow, max-snippet:-1, max-image-preview:large, max-video-preview:-1\" \/>\n<link rel=\"canonical\" href=\"https:\/\/bestray.com\/en\/horizontal-elbow-90-degrees\/\" \/>\n<meta name=\"geo.placename\" content=\"Th\u00e0nh ph\u1ed1 H\u1ed3 Ch\u00ed Minh\" \/>\n<meta name=\"geo.region\" content=\"Vietnam\" \/>\n<!-- \/ Yoast SEO plugin. -->","yoast_head_json":{"title":"Horizontal Elbow 90 Degrees - Bestray Joint Stock Company","description":"horizontal elbow 90 degrees is a product of bestray It belongs to the cable ladder product line We are committed to the quality of our products","robots":{"index":"index","follow":"follow","max-snippet":"max-snippet:-1","max-image-preview":"max-image-preview:large","max-video-preview":"max-video-preview:-1"},"canonical":"https:\/\/bestray.com\/en\/horizontal-elbow-90-degrees\/","schema":{"@context":"https:\/\/schema.org","@graph":[{"@type":"WebPage","@id":"https:\/\/bestray.com\/en\/horizontal-elbow-90-degrees\/","url":"https:\/\/bestray.com\/en\/horizontal-elbow-90-degrees\/","name":"Horizontal Elbow 90 Degrees - Bestray Joint Stock Company","isPartOf":{"@id":"https:\/\/bestray.com\/en\/#website"},"primaryImageOfPage":{"@id":"https:\/\/bestray.com\/en\/horizontal-elbow-90-degrees\/#primaryimage"},"image":{"@id":"https:\/\/bestray.com\/en\/horizontal-elbow-90-degrees\/#primaryimage"},"thumbnailUrl":"https:\/\/bestray.com\/wp-content\/uploads\/2020\/10\/Thang-Cap-CLC-5.jpg","datePublished":"2020-10-18T00:52:20+00:00","dateModified":"2021-07-29T06:01:51+00:00","description":"horizontal elbow 90 degrees is a product of bestray It belongs to the cable ladder product line We are committed to the quality of our products","breadcrumb":{"@id":"https:\/\/bestray.com\/en\/horizontal-elbow-90-degrees\/#breadcrumb"},"inLanguage":"en-US","potentialAction":[{"@type":"ReadAction","target":["https:\/\/bestray.com\/en\/horizontal-elbow-90-degrees\/"]}]},{"@type":"ImageObject","inLanguage":"en-US","@id":"https:\/\/bestray.com\/en\/horizontal-elbow-90-degrees\/#primaryimage","url":"https:\/\/bestray.com\/wp-content\/uploads\/2020\/10\/Thang-Cap-CLC-5.jpg","contentUrl":"https:\/\/bestray.com\/wp-content\/uploads\/2020\/10\/Thang-Cap-CLC-5.jpg","width":1700,"height":1700},{"@type":"BreadcrumbList","@id":"https:\/\/bestray.com\/en\/horizontal-elbow-90-degrees\/#breadcrumb","itemListElement":[{"@type":"ListItem","position":1,"name":"Home","item":"https:\/\/bestray.com\/en\/"},{"@type":"ListItem","position":2,"name":"Products","item":"https:\/\/bestray.com\/shop\/"},{"@type":"ListItem","position":3,"name":"Cable Management","item":"https:\/\/bestray.com\/cable-management\/"},{"@type":"ListItem","position":4,"name":"Thang C\u00e1p","item":"https:\/\/bestray.com\/product-category\/cable-management\/thang-cap\/"},{"@type":"ListItem","position":5,"name":"Horizontal Elbow 90 Degrees"}]},{"@type":"WebSite","@id":"https:\/\/bestray.com\/en\/#website","url":"https:\/\/bestray.com\/en\/","name":"Bestray Joint Stock Company","description":"","publisher":{"@id":"https:\/\/bestray.com\/en\/#organization"},"potentialAction":[{"@type":"SearchAction","target":{"@type":"EntryPoint","urlTemplate":"https:\/\/bestray.com\/en\/?s={search_term_string}"},"query-input":{"@type":"PropertyValueSpecification","valueRequired":true,"valueName":"search_term_string"}}],"inLanguage":"en-US"},{"@type":["Organization","Place","LocalBusiness"],"@id":"https:\/\/bestray.com\/en\/#organization","name":"C\u00d4NG TY C\u1ed4 PH\u1ea6N BESTRAY","url":"https:\/\/bestray.com\/en\/","logo":{"@id":"https:\/\/bestray.com\/en\/horizontal-elbow-90-degrees\/#local-main-organization-logo"},"image":{"@id":"https:\/\/bestray.com\/en\/horizontal-elbow-90-degrees\/#local-main-organization-logo"},"address":{"@id":"https:\/\/bestray.com\/en\/horizontal-elbow-90-degrees\/#local-main-place-address"},"geo":{"@type":"GeoCoordinates","latitude":"10.9021783","longitude":"106.5791444"},"telephone":["+84909089678"],"openingHoursSpecification":[{"@type":"OpeningHoursSpecification","dayOfWeek":["Monday","Tuesday","Wednesday","Thursday","Friday","Saturday"],"opens":"07:30","closes":"17:00"},{"@type":"OpeningHoursSpecification","dayOfWeek":["Sunday"],"opens":"00:00","closes":"00:00"}],"email":"info@bestray.com","areaServed":"Vi\u1ec7t Nam","vatID":"0315285398","taxID":"0315285398","priceRange":"$$$","currenciesAccepted":"VND"},{"@type":"PostalAddress","@id":"https:\/\/bestray.com\/en\/horizontal-elbow-90-degrees\/#local-main-place-address","streetAddress":"180\/7B \u1ea5p T\u00e2n Th\u1edbi 3, T\u00e2n Hi\u1ec7p, H\u00f3c M\u00f4n","addressLocality":"Th\u00e0nh ph\u1ed1 H\u1ed3 Ch\u00ed Minh","postalCode":"700000","addressRegion":"Th\u00e0nh ph\u1ed1 H\u1ed3 Ch\u00ed Minh","addressCountry":"VN"},{"@type":"ImageObject","inLanguage":"en-US","@id":"https:\/\/bestray.com\/en\/horizontal-elbow-90-degrees\/#local-main-organization-logo","url":"https:\/\/bestray.com\/wp-content\/uploads\/2018\/12\/logo-best-trang.png","contentUrl":"https:\/\/bestray.com\/wp-content\/uploads\/2018\/12\/logo-best-trang.png","width":180,"height":56,"caption":"C\u00d4NG TY C\u1ed4 PH\u1ea6N BESTRAY"}]},"geo.placename":"Th\u00e0nh ph\u1ed1 H\u1ed3 Ch\u00ed Minh","geo.position":{"lat":"10.9021783","long":"106.5791444"},"geo.region":"Vietnam"},"_links":{"self":[{"href":"https:\/\/bestray.com\/en\/wp-json\/wp\/v2\/product\/15252","targetHints":{"allow":["GET"]}}],"collection":[{"href":"https:\/\/bestray.com\/en\/wp-json\/wp\/v2\/product"}],"about":[{"href":"https:\/\/bestray.com\/en\/wp-json\/wp\/v2\/types\/product"}],"wp:featuredmedia":[{"embeddable":true,"href":"https:\/\/bestray.com\/en\/wp-json\/wp\/v2\/media\/15214"}],"wp:attachment":[{"href":"https:\/\/bestray.com\/en\/wp-json\/wp\/v2\/media?parent=15252"}],"wp:term":[{"taxonomy":"product_cat","embeddable":true,"href":"https:\/\/bestray.com\/en\/wp-json\/wp\/v2\/product_cat?post=15252"},{"taxonomy":"product_tag","embeddable":true,"href":"https:\/\/bestray.com\/en\/wp-json\/wp\/v2\/product_tag?post=15252"}],"curies":[{"name":"wp","href":"https:\/\/api.w.org\/{rel}","templated":true}]}}