{"id":16115,"date":"2020-10-29T09:53:55","date_gmt":"2020-10-29T02:53:55","guid":{"rendered":"https:\/\/bestray.com\/?post_type=product&#038;p=16115"},"modified":"2021-07-22T16:00:17","modified_gmt":"2021-07-22T09:00:17","slug":"outside-vertical-elbow-45-degrees-ckc","status":"publish","type":"product","link":"https:\/\/bestray.com\/en\/outside-vertical-elbow-45-degrees-ckc\/","title":{"rendered":"Outside Vertical Elbow 45 Degrees"},"content":{"rendered":"<p class=\"phanloai\">1. Diagonal Corner R=75 mm (Standard)<\/p>\n<p><img fetchpriority=\"high\" decoding=\"async\" class=\"img-responsive size-full wp-image-16118\" src=\"https:\/\/bestray.com\/wp-content\/uploads\/2020\/10\/Cable-Trunking-CKC-EN-41.jpg\" alt=\"\" width=\"3300\" height=\"1770\" \/><\/p>\n<p><img decoding=\"async\" class=\"img-responsive size-full wp-image-16120\" src=\"https:\/\/bestray.com\/wp-content\/uploads\/2020\/10\/Cable-Trunking-CKC-EN-42.jpg\" alt=\"\" width=\"3300\" height=\"1770\" \/><\/p>\n<p><img decoding=\"async\" class=\"img-responsive size-full wp-image-16122\" src=\"https:\/\/bestray.com\/wp-content\/uploads\/2020\/10\/Cable-Trunking-CKC-EN-43.jpg\" alt=\"\" width=\"3300\" height=\"1770\" \/><\/p>\n<p><img loading=\"lazy\" decoding=\"async\" class=\"img-responsive size-full wp-image-16124\" src=\"https:\/\/bestray.com\/wp-content\/uploads\/2020\/10\/Cable-Trunking-CKC-EN-44.jpg\" alt=\"\" width=\"3300\" height=\"1770\" \/><\/p>\n<p><img loading=\"lazy\" decoding=\"async\" class=\"img-responsive size-full wp-image-16126\" src=\"https:\/\/bestray.com\/wp-content\/uploads\/2020\/10\/Cable-Trunking-CKC-EN-45.jpg\" alt=\"\" width=\"3300\" height=\"1770\" \/><\/p>\n<p class=\"phanloai\">2. Diagonal Corner R=150 mm (Request)<\/p>\n<p><img loading=\"lazy\" decoding=\"async\" class=\"img-responsive size-full wp-image-17127\" src=\"https:\/\/bestray.com\/wp-content\/uploads\/2020\/10\/Cable-Trunking-CKC-EN-45-21.jpg\" alt=\"\" width=\"3300\" height=\"1770\" \/><\/p>\n<p><img loading=\"lazy\" decoding=\"async\" class=\"img-responsive size-full wp-image-17129\" src=\"https:\/\/bestray.com\/wp-content\/uploads\/2020\/10\/Cable-Trunking-CKC-EN-45-22.jpg\" alt=\"\" width=\"3300\" height=\"1770\" \/><\/p>\n<p><img loading=\"lazy\" decoding=\"async\" class=\"img-responsive size-full wp-image-17131\" src=\"https:\/\/bestray.com\/wp-content\/uploads\/2020\/10\/Cable-Trunking-CKC-EN-45-23.jpg\" alt=\"\" width=\"3300\" height=\"1770\" \/><\/p>\n<p><img loading=\"lazy\" decoding=\"async\" class=\"img-responsive size-full wp-image-17133\" src=\"https:\/\/bestray.com\/wp-content\/uploads\/2020\/10\/Cable-Trunking-CKC-EN-45-24.jpg\" alt=\"\" width=\"3300\" height=\"1770\" \/><\/p>\n<p><img loading=\"lazy\" decoding=\"async\" class=\"img-responsive size-full wp-image-17135\" src=\"https:\/\/bestray.com\/wp-content\/uploads\/2020\/10\/Cable-Trunking-CKC-EN-45-25.jpg\" alt=\"\" width=\"3300\" height=\"1770\" \/><\/p>\n<p class=\"phanloai\">3. Curve Corner R=300 mm (Request)<\/p>\n<p><img loading=\"lazy\" decoding=\"async\" class=\"img-responsive size-full wp-image-17137\" src=\"https:\/\/bestray.com\/wp-content\/uploads\/2020\/10\/Cable-Trunking-CKC-EN-45-31.jpg\" alt=\"\" width=\"3300\" height=\"1770\" \/><\/p>\n<p><img loading=\"lazy\" decoding=\"async\" class=\"img-responsive size-full wp-image-17139\" src=\"https:\/\/bestray.com\/wp-content\/uploads\/2020\/10\/Cable-Trunking-CKC-EN-45-32.jpg\" alt=\"\" width=\"3300\" height=\"1770\" \/><\/p>\n<p><img loading=\"lazy\" decoding=\"async\" class=\"img-responsive size-full wp-image-17141\" src=\"https:\/\/bestray.com\/wp-content\/uploads\/2020\/10\/Cable-Trunking-CKC-EN-45-33.jpg\" alt=\"\" width=\"3300\" height=\"1770\" \/><\/p>\n<p><img loading=\"lazy\" decoding=\"async\" class=\"img-responsive size-full wp-image-17143\" src=\"https:\/\/bestray.com\/wp-content\/uploads\/2020\/10\/Cable-Trunking-CKC-EN-45-34.jpg\" alt=\"\" width=\"3300\" height=\"1770\" \/><\/p>\n<p><img loading=\"lazy\" decoding=\"async\" class=\"img-responsive size-full wp-image-17145\" src=\"https:\/\/bestray.com\/wp-content\/uploads\/2020\/10\/Cable-Trunking-CKC-EN-45-35.jpg\" alt=\"\" width=\"3300\" height=\"1770\" \/><\/p>\n","protected":false},"excerpt":{"rendered":"<p>1. Diagonal Corner R=75 mm (Standard) 2. Diagonal Corner R=150 mm (Request) 3. Curve Corner R=300 mm (Request)<\/p>\n","protected":false},"featured_media":16116,"template":"","meta":{"_acf_changed":false},"product_cat":[236,247,248],"product_tag":[],"class_list":{"0":"post-16115","1":"product","2":"type-product","3":"status-publish","4":"has-post-thumbnail","6":"product_brand-best-tray","7":"product_cat-cable-management-en","8":"product_cat-cable-trunking-ck","9":"product_cat-ckc","11":"first","12":"instock","13":"shipping-taxable","14":"product-type-simple"},"acf":[],"yoast_head":"<!-- This site is optimized with the Yoast SEO plugin v26.6 - https:\/\/yoast.com\/wordpress\/plugins\/seo\/ -->\n<title>Outside Vertical Elbow 45 Degrees - Bestray Joint Stock Company<\/title>\n<meta name=\"description\" content=\"outside vertical elbow 45 degrees is a product of bestray It belongs to the cable trunking product line We are committed to the quality of our products when we provide them to our customers\" \/>\n<meta name=\"robots\" content=\"index, follow, max-snippet:-1, max-image-preview:large, max-video-preview:-1\" \/>\n<link rel=\"canonical\" href=\"https:\/\/bestray.com\/en\/outside-vertical-elbow-45-degrees-ckc\/\" \/>\n<meta name=\"geo.placename\" content=\"Th\u00e0nh ph\u1ed1 H\u1ed3 Ch\u00ed Minh\" \/>\n<meta name=\"geo.region\" content=\"Vietnam\" \/>\n<!-- \/ Yoast SEO plugin. -->","yoast_head_json":{"title":"Outside Vertical Elbow 45 Degrees - Bestray Joint Stock Company","description":"outside vertical elbow 45 degrees is a product of bestray It belongs to the cable trunking product line We are committed to the quality of our products when we provide them to our customers","robots":{"index":"index","follow":"follow","max-snippet":"max-snippet:-1","max-image-preview":"max-image-preview:large","max-video-preview":"max-video-preview:-1"},"canonical":"https:\/\/bestray.com\/en\/outside-vertical-elbow-45-degrees-ckc\/","schema":{"@context":"https:\/\/schema.org","@graph":[{"@type":"WebPage","@id":"https:\/\/bestray.com\/en\/outside-vertical-elbow-45-degrees-ckc\/","url":"https:\/\/bestray.com\/en\/outside-vertical-elbow-45-degrees-ckc\/","name":"Outside Vertical Elbow 45 Degrees - Bestray Joint Stock Company","isPartOf":{"@id":"https:\/\/bestray.com\/en\/#website"},"primaryImageOfPage":{"@id":"https:\/\/bestray.com\/en\/outside-vertical-elbow-45-degrees-ckc\/#primaryimage"},"image":{"@id":"https:\/\/bestray.com\/en\/outside-vertical-elbow-45-degrees-ckc\/#primaryimage"},"thumbnailUrl":"https:\/\/bestray.com\/wp-content\/uploads\/2020\/10\/Mang-Cap-CKC-12-1.jpg","datePublished":"2020-10-29T02:53:55+00:00","dateModified":"2021-07-22T09:00:17+00:00","description":"outside vertical elbow 45 degrees is a product of bestray It belongs to the cable trunking product line We are committed to the quality of our products when we provide them to our customers","breadcrumb":{"@id":"https:\/\/bestray.com\/en\/outside-vertical-elbow-45-degrees-ckc\/#breadcrumb"},"inLanguage":"en-US","potentialAction":[{"@type":"ReadAction","target":["https:\/\/bestray.com\/en\/outside-vertical-elbow-45-degrees-ckc\/"]}]},{"@type":"ImageObject","inLanguage":"en-US","@id":"https:\/\/bestray.com\/en\/outside-vertical-elbow-45-degrees-ckc\/#primaryimage","url":"https:\/\/bestray.com\/wp-content\/uploads\/2020\/10\/Mang-Cap-CKC-12-1.jpg","contentUrl":"https:\/\/bestray.com\/wp-content\/uploads\/2020\/10\/Mang-Cap-CKC-12-1.jpg","width":1700,"height":1700,"caption":"Mang-cap-CKC-12"},{"@type":"BreadcrumbList","@id":"https:\/\/bestray.com\/en\/outside-vertical-elbow-45-degrees-ckc\/#breadcrumb","itemListElement":[{"@type":"ListItem","position":1,"name":"Home","item":"https:\/\/bestray.com\/en\/"},{"@type":"ListItem","position":2,"name":"Products","item":"https:\/\/bestray.com\/shop\/"},{"@type":"ListItem","position":3,"name":"Cable Management","item":"https:\/\/bestray.com\/cable-management\/"},{"@type":"ListItem","position":4,"name":"Outside Vertical Elbow 45 Degrees"}]},{"@type":"WebSite","@id":"https:\/\/bestray.com\/en\/#website","url":"https:\/\/bestray.com\/en\/","name":"Bestray Joint Stock Company","description":"","publisher":{"@id":"https:\/\/bestray.com\/en\/#organization"},"potentialAction":[{"@type":"SearchAction","target":{"@type":"EntryPoint","urlTemplate":"https:\/\/bestray.com\/en\/?s={search_term_string}"},"query-input":{"@type":"PropertyValueSpecification","valueRequired":true,"valueName":"search_term_string"}}],"inLanguage":"en-US"},{"@type":["Organization","Place","LocalBusiness"],"@id":"https:\/\/bestray.com\/en\/#organization","name":"C\u00d4NG TY C\u1ed4 PH\u1ea6N BESTRAY","url":"https:\/\/bestray.com\/en\/","logo":{"@id":"https:\/\/bestray.com\/en\/outside-vertical-elbow-45-degrees-ckc\/#local-main-organization-logo"},"image":{"@id":"https:\/\/bestray.com\/en\/outside-vertical-elbow-45-degrees-ckc\/#local-main-organization-logo"},"address":{"@id":"https:\/\/bestray.com\/en\/outside-vertical-elbow-45-degrees-ckc\/#local-main-place-address"},"geo":{"@type":"GeoCoordinates","latitude":"10.9021783","longitude":"106.5791444"},"telephone":["+84909089678"],"openingHoursSpecification":[{"@type":"OpeningHoursSpecification","dayOfWeek":["Monday","Tuesday","Wednesday","Thursday","Friday","Saturday"],"opens":"07:30","closes":"17:00"},{"@type":"OpeningHoursSpecification","dayOfWeek":["Sunday"],"opens":"00:00","closes":"00:00"}],"email":"info@bestray.com","areaServed":"Vi\u1ec7t Nam","vatID":"0315285398","taxID":"0315285398","priceRange":"$$$","currenciesAccepted":"VND"},{"@type":"PostalAddress","@id":"https:\/\/bestray.com\/en\/outside-vertical-elbow-45-degrees-ckc\/#local-main-place-address","streetAddress":"180\/7B \u1ea5p T\u00e2n Th\u1edbi 3, T\u00e2n Hi\u1ec7p, H\u00f3c M\u00f4n","addressLocality":"Th\u00e0nh ph\u1ed1 H\u1ed3 Ch\u00ed Minh","postalCode":"700000","addressRegion":"Th\u00e0nh ph\u1ed1 H\u1ed3 Ch\u00ed Minh","addressCountry":"VN"},{"@type":"ImageObject","inLanguage":"en-US","@id":"https:\/\/bestray.com\/en\/outside-vertical-elbow-45-degrees-ckc\/#local-main-organization-logo","url":"https:\/\/bestray.com\/wp-content\/uploads\/2018\/12\/logo-best-trang.png","contentUrl":"https:\/\/bestray.com\/wp-content\/uploads\/2018\/12\/logo-best-trang.png","width":180,"height":56,"caption":"C\u00d4NG TY C\u1ed4 PH\u1ea6N BESTRAY"}]},"geo.placename":"Th\u00e0nh ph\u1ed1 H\u1ed3 Ch\u00ed Minh","geo.position":{"lat":"10.9021783","long":"106.5791444"},"geo.region":"Vietnam"},"_links":{"self":[{"href":"https:\/\/bestray.com\/en\/wp-json\/wp\/v2\/product\/16115","targetHints":{"allow":["GET"]}}],"collection":[{"href":"https:\/\/bestray.com\/en\/wp-json\/wp\/v2\/product"}],"about":[{"href":"https:\/\/bestray.com\/en\/wp-json\/wp\/v2\/types\/product"}],"wp:featuredmedia":[{"embeddable":true,"href":"https:\/\/bestray.com\/en\/wp-json\/wp\/v2\/media\/16116"}],"wp:attachment":[{"href":"https:\/\/bestray.com\/en\/wp-json\/wp\/v2\/media?parent=16115"}],"wp:term":[{"taxonomy":"product_cat","embeddable":true,"href":"https:\/\/bestray.com\/en\/wp-json\/wp\/v2\/product_cat?post=16115"},{"taxonomy":"product_tag","embeddable":true,"href":"https:\/\/bestray.com\/en\/wp-json\/wp\/v2\/product_tag?post=16115"}],"curies":[{"name":"wp","href":"https:\/\/api.w.org\/{rel}","templated":true}]}}