{"id":16488,"date":"2020-10-30T10:47:24","date_gmt":"2020-10-30T03:47:24","guid":{"rendered":"https:\/\/bestray.com\/?post_type=product&#038;p=16488"},"modified":"2021-07-28T13:24:45","modified_gmt":"2021-07-28T06:24:45","slug":"horizontal-cross-ctc","status":"publish","type":"product","link":"https:\/\/bestray.com\/en\/horizontal-cross-ctc\/","title":{"rendered":"Horizontal Cross"},"content":{"rendered":"<p class=\"phanloai\">1. Diagonal Corner R=75 mm (Standard)<\/p>\n<p><img fetchpriority=\"high\" decoding=\"async\" class=\"img-responsive size-full wp-image-16491\" src=\"https:\/\/bestray.com\/wp-content\/uploads\/2020\/10\/Cable-Tray-CTC-EN-26.jpg\" alt=\"\" width=\"3300\" height=\"1770\" \/><\/p>\n<p><img decoding=\"async\" class=\"img-responsive size-full wp-image-16493\" src=\"https:\/\/bestray.com\/wp-content\/uploads\/2020\/10\/Cable-Tray-CTC-EN-27.jpg\" alt=\"\" width=\"3300\" height=\"1770\" \/><\/p>\n<p><img decoding=\"async\" class=\"img-responsive size-full wp-image-16495\" src=\"https:\/\/bestray.com\/wp-content\/uploads\/2020\/10\/Cable-Tray-CTC-EN-28.jpg\" alt=\"\" width=\"3300\" height=\"1770\" \/><\/p>\n<p><img loading=\"lazy\" decoding=\"async\" class=\"img-responsive size-full wp-image-16497\" src=\"https:\/\/bestray.com\/wp-content\/uploads\/2020\/10\/Cable-Tray-CTC-EN-29.jpg\" alt=\"\" width=\"3300\" height=\"1770\" \/><\/p>\n<p><img loading=\"lazy\" decoding=\"async\" class=\"img-responsive size-full wp-image-16499\" src=\"https:\/\/bestray.com\/wp-content\/uploads\/2020\/10\/Cable-Tray-CTC-EN-30.jpg\" alt=\"\" width=\"3300\" height=\"1770\" \/><\/p>\n<p class=\"phanloai\">2. Diagonal Corner R=150 mm (Request)<\/p>\n<p><img loading=\"lazy\" decoding=\"async\" class=\"img-responsive size-full wp-image-17692\" src=\"https:\/\/bestray.com\/wp-content\/uploads\/2020\/10\/Cable-Tray-CTC-EN-30-21.jpg\" alt=\"\" width=\"3300\" height=\"1770\" \/><\/p>\n<p><img loading=\"lazy\" decoding=\"async\" class=\"img-responsive size-full wp-image-17694\" src=\"https:\/\/bestray.com\/wp-content\/uploads\/2020\/10\/Cable-Tray-CTC-EN-30-22.jpg\" alt=\"\" width=\"3300\" height=\"1770\" \/><\/p>\n<p><img loading=\"lazy\" decoding=\"async\" class=\"img-responsive size-full wp-image-17696\" src=\"https:\/\/bestray.com\/wp-content\/uploads\/2020\/10\/Cable-Tray-CTC-EN-30-23.jpg\" alt=\"\" width=\"3300\" height=\"1770\" \/><\/p>\n<p><img loading=\"lazy\" decoding=\"async\" class=\"img-responsive size-full wp-image-17698\" src=\"https:\/\/bestray.com\/wp-content\/uploads\/2020\/10\/Cable-Tray-CTC-EN-30-24.jpg\" alt=\"\" width=\"3300\" height=\"1770\" \/><\/p>\n<p><img loading=\"lazy\" decoding=\"async\" class=\"img-responsive size-full wp-image-17700\" src=\"https:\/\/bestray.com\/wp-content\/uploads\/2020\/10\/Cable-Tray-CTC-EN-30-25.jpg\" alt=\"\" width=\"3300\" height=\"1770\" \/><\/p>\n<p class=\"phanloai\">3. Curve Corner R=300 mm (Request)<\/p>\n<p><img loading=\"lazy\" decoding=\"async\" class=\"img-responsive size-full wp-image-17702\" src=\"https:\/\/bestray.com\/wp-content\/uploads\/2020\/10\/Cable-Tray-CTC-EN-30-31.jpg\" alt=\"\" width=\"3300\" height=\"1770\" \/><\/p>\n<p><img loading=\"lazy\" decoding=\"async\" class=\"img-responsive size-full wp-image-17704\" src=\"https:\/\/bestray.com\/wp-content\/uploads\/2020\/10\/Cable-Tray-CTC-EN-30-32.jpg\" alt=\"\" width=\"3300\" height=\"1770\" \/><\/p>\n<p><img loading=\"lazy\" decoding=\"async\" class=\"img-responsive size-full wp-image-17706\" src=\"https:\/\/bestray.com\/wp-content\/uploads\/2020\/10\/Cable-Tray-CTC-EN-30-33.jpg\" alt=\"\" width=\"3300\" height=\"1770\" \/><\/p>\n<p><img loading=\"lazy\" decoding=\"async\" class=\"img-responsive size-full wp-image-17708\" src=\"https:\/\/bestray.com\/wp-content\/uploads\/2020\/10\/Cable-Tray-CTC-EN-30-34.jpg\" alt=\"\" width=\"3300\" height=\"1770\" \/><\/p>\n<p><img loading=\"lazy\" decoding=\"async\" class=\"img-responsive size-full wp-image-17710\" src=\"https:\/\/bestray.com\/wp-content\/uploads\/2020\/10\/Cable-Tray-CTC-EN-30-35.jpg\" alt=\"\" width=\"3300\" height=\"1770\" \/><\/p>\n","protected":false},"excerpt":{"rendered":"<p>1. Diagonal Corner R=75 mm (Standard) 2. Diagonal Corner R=150 mm (Request) 3. Curve Corner R=300 mm (Request)<\/p>\n","protected":false},"featured_media":16489,"template":"","meta":{"_acf_changed":false},"product_cat":[236,251,252],"product_tag":[],"class_list":{"0":"post-16488","1":"product","2":"type-product","3":"status-publish","4":"has-post-thumbnail","6":"product_brand-best-tray","7":"product_cat-cable-management-en","8":"product_cat-cable-tray-ct","9":"product_cat-ctc","11":"first","12":"instock","13":"shipping-taxable","14":"product-type-simple"},"acf":[],"yoast_head":"<!-- This site is optimized with the Yoast SEO plugin v26.6 - https:\/\/yoast.com\/wordpress\/plugins\/seo\/ -->\n<title>Horizontal Cross - Bestray Joint Stock Company<\/title>\n<meta name=\"description\" content=\"horizontal cross is a product of bestray It belongs to the cable tray product line We are committed to the quality of our products when\" \/>\n<meta name=\"robots\" content=\"index, follow, max-snippet:-1, max-image-preview:large, max-video-preview:-1\" \/>\n<link rel=\"canonical\" href=\"https:\/\/bestray.com\/en\/horizontal-cross-ctc\/\" \/>\n<meta name=\"geo.placename\" content=\"Th\u00e0nh ph\u1ed1 H\u1ed3 Ch\u00ed Minh\" \/>\n<meta name=\"geo.region\" content=\"Vietnam\" \/>\n<!-- \/ Yoast SEO plugin. -->","yoast_head_json":{"title":"Horizontal Cross - Bestray Joint Stock Company","description":"horizontal cross is a product of bestray It belongs to the cable tray product line We are committed to the quality of our products when","robots":{"index":"index","follow":"follow","max-snippet":"max-snippet:-1","max-image-preview":"max-image-preview:large","max-video-preview":"max-video-preview:-1"},"canonical":"https:\/\/bestray.com\/en\/horizontal-cross-ctc\/","schema":{"@context":"https:\/\/schema.org","@graph":[{"@type":"WebPage","@id":"https:\/\/bestray.com\/en\/horizontal-cross-ctc\/","url":"https:\/\/bestray.com\/en\/horizontal-cross-ctc\/","name":"Horizontal Cross - Bestray Joint Stock Company","isPartOf":{"@id":"https:\/\/bestray.com\/en\/#website"},"primaryImageOfPage":{"@id":"https:\/\/bestray.com\/en\/horizontal-cross-ctc\/#primaryimage"},"image":{"@id":"https:\/\/bestray.com\/en\/horizontal-cross-ctc\/#primaryimage"},"thumbnailUrl":"https:\/\/bestray.com\/wp-content\/uploads\/2020\/10\/Khay-Cap-CTC-9-1.jpg","datePublished":"2020-10-30T03:47:24+00:00","dateModified":"2021-07-28T06:24:45+00:00","description":"horizontal cross is a product of bestray It belongs to the cable tray product line We are committed to the quality of our products when","breadcrumb":{"@id":"https:\/\/bestray.com\/en\/horizontal-cross-ctc\/#breadcrumb"},"inLanguage":"en-US","potentialAction":[{"@type":"ReadAction","target":["https:\/\/bestray.com\/en\/horizontal-cross-ctc\/"]}]},{"@type":"ImageObject","inLanguage":"en-US","@id":"https:\/\/bestray.com\/en\/horizontal-cross-ctc\/#primaryimage","url":"https:\/\/bestray.com\/wp-content\/uploads\/2020\/10\/Khay-Cap-CTC-9-1.jpg","contentUrl":"https:\/\/bestray.com\/wp-content\/uploads\/2020\/10\/Khay-Cap-CTC-9-1.jpg","width":1700,"height":1700,"caption":"Khay-cap-CTC-9"},{"@type":"BreadcrumbList","@id":"https:\/\/bestray.com\/en\/horizontal-cross-ctc\/#breadcrumb","itemListElement":[{"@type":"ListItem","position":1,"name":"Home","item":"https:\/\/bestray.com\/en\/"},{"@type":"ListItem","position":2,"name":"Products","item":"https:\/\/bestray.com\/shop\/"},{"@type":"ListItem","position":3,"name":"Cable Management","item":"https:\/\/bestray.com\/cable-management\/"},{"@type":"ListItem","position":4,"name":"Horizontal Cross"}]},{"@type":"WebSite","@id":"https:\/\/bestray.com\/en\/#website","url":"https:\/\/bestray.com\/en\/","name":"Bestray Joint Stock Company","description":"","publisher":{"@id":"https:\/\/bestray.com\/en\/#organization"},"potentialAction":[{"@type":"SearchAction","target":{"@type":"EntryPoint","urlTemplate":"https:\/\/bestray.com\/en\/?s={search_term_string}"},"query-input":{"@type":"PropertyValueSpecification","valueRequired":true,"valueName":"search_term_string"}}],"inLanguage":"en-US"},{"@type":["Organization","Place","LocalBusiness"],"@id":"https:\/\/bestray.com\/en\/#organization","name":"C\u00d4NG TY C\u1ed4 PH\u1ea6N BESTRAY","url":"https:\/\/bestray.com\/en\/","logo":{"@id":"https:\/\/bestray.com\/en\/horizontal-cross-ctc\/#local-main-organization-logo"},"image":{"@id":"https:\/\/bestray.com\/en\/horizontal-cross-ctc\/#local-main-organization-logo"},"address":{"@id":"https:\/\/bestray.com\/en\/horizontal-cross-ctc\/#local-main-place-address"},"geo":{"@type":"GeoCoordinates","latitude":"10.9021783","longitude":"106.5791444"},"telephone":["+84909089678"],"openingHoursSpecification":[{"@type":"OpeningHoursSpecification","dayOfWeek":["Monday","Tuesday","Wednesday","Thursday","Friday","Saturday"],"opens":"07:30","closes":"17:00"},{"@type":"OpeningHoursSpecification","dayOfWeek":["Sunday"],"opens":"00:00","closes":"00:00"}],"email":"info@bestray.com","areaServed":"Vi\u1ec7t Nam","vatID":"0315285398","taxID":"0315285398","priceRange":"$$$","currenciesAccepted":"VND"},{"@type":"PostalAddress","@id":"https:\/\/bestray.com\/en\/horizontal-cross-ctc\/#local-main-place-address","streetAddress":"180\/7B \u1ea5p T\u00e2n Th\u1edbi 3, T\u00e2n Hi\u1ec7p, H\u00f3c M\u00f4n","addressLocality":"Th\u00e0nh ph\u1ed1 H\u1ed3 Ch\u00ed Minh","postalCode":"700000","addressRegion":"Th\u00e0nh ph\u1ed1 H\u1ed3 Ch\u00ed Minh","addressCountry":"VN"},{"@type":"ImageObject","inLanguage":"en-US","@id":"https:\/\/bestray.com\/en\/horizontal-cross-ctc\/#local-main-organization-logo","url":"https:\/\/bestray.com\/wp-content\/uploads\/2018\/12\/logo-best-trang.png","contentUrl":"https:\/\/bestray.com\/wp-content\/uploads\/2018\/12\/logo-best-trang.png","width":180,"height":56,"caption":"C\u00d4NG TY C\u1ed4 PH\u1ea6N BESTRAY"}]},"geo.placename":"Th\u00e0nh ph\u1ed1 H\u1ed3 Ch\u00ed Minh","geo.position":{"lat":"10.9021783","long":"106.5791444"},"geo.region":"Vietnam"},"_links":{"self":[{"href":"https:\/\/bestray.com\/en\/wp-json\/wp\/v2\/product\/16488","targetHints":{"allow":["GET"]}}],"collection":[{"href":"https:\/\/bestray.com\/en\/wp-json\/wp\/v2\/product"}],"about":[{"href":"https:\/\/bestray.com\/en\/wp-json\/wp\/v2\/types\/product"}],"wp:featuredmedia":[{"embeddable":true,"href":"https:\/\/bestray.com\/en\/wp-json\/wp\/v2\/media\/16489"}],"wp:attachment":[{"href":"https:\/\/bestray.com\/en\/wp-json\/wp\/v2\/media?parent=16488"}],"wp:term":[{"taxonomy":"product_cat","embeddable":true,"href":"https:\/\/bestray.com\/en\/wp-json\/wp\/v2\/product_cat?post=16488"},{"taxonomy":"product_tag","embeddable":true,"href":"https:\/\/bestray.com\/en\/wp-json\/wp\/v2\/product_tag?post=16488"}],"curies":[{"name":"wp","href":"https:\/\/api.w.org\/{rel}","templated":true}]}}