{"id":16567,"date":"2020-10-30T14:01:17","date_gmt":"2020-10-30T07:01:17","guid":{"rendered":"https:\/\/bestray.com\/?post_type=product&#038;p=16567"},"modified":"2021-07-29T13:24:36","modified_gmt":"2021-07-29T06:24:36","slug":"vertical-tee-down-ctc","status":"publish","type":"product","link":"https:\/\/bestray.com\/en\/vertical-tee-down-ctc\/","title":{"rendered":"Vertical Tee Down"},"content":{"rendered":"<p class=\"phanloai\">1. Diagonal Corner R=75 mm (Standard)<\/p>\n<p><img fetchpriority=\"high\" decoding=\"async\" class=\"img-responsive size-full wp-image-16570\" src=\"https:\/\/bestray.com\/wp-content\/uploads\/2020\/10\/Cable-Tray-CTC-EN-56.jpg\" alt=\"\" width=\"3300\" height=\"1770\" \/><\/p>\n<p><img decoding=\"async\" class=\"img-responsive size-full wp-image-16572\" src=\"https:\/\/bestray.com\/wp-content\/uploads\/2020\/10\/Cable-Tray-CTC-EN-57.jpg\" alt=\"\" width=\"3300\" height=\"1770\" \/><\/p>\n<p><img decoding=\"async\" class=\"img-responsive size-full wp-image-16574\" src=\"https:\/\/bestray.com\/wp-content\/uploads\/2020\/10\/Cable-Tray-CTC-EN-58.jpg\" alt=\"\" width=\"3300\" height=\"1770\" \/><\/p>\n<p><img loading=\"lazy\" decoding=\"async\" class=\"img-responsive size-full wp-image-16576\" src=\"https:\/\/bestray.com\/wp-content\/uploads\/2020\/10\/Cable-Tray-CTC-EN-59.jpg\" alt=\"\" width=\"3300\" height=\"1770\" \/><\/p>\n<p><img loading=\"lazy\" decoding=\"async\" class=\"img-responsive size-full wp-image-16578\" src=\"https:\/\/bestray.com\/wp-content\/uploads\/2020\/10\/Cable-Tray-CTC-EN-60.jpg\" alt=\"\" width=\"3300\" height=\"1770\" \/><\/p>\n<p class=\"phanloai\">2. Diagonal Corner R=150 mm (Request)<\/p>\n<p><img loading=\"lazy\" decoding=\"async\" class=\"img-responsive size-full wp-image-17817\" src=\"https:\/\/bestray.com\/wp-content\/uploads\/2020\/10\/Cable-Tray-CTC-EN-60-21.jpg\" alt=\"\" width=\"3300\" height=\"1770\" \/><\/p>\n<p><img loading=\"lazy\" decoding=\"async\" class=\"img-responsive size-full wp-image-17819\" src=\"https:\/\/bestray.com\/wp-content\/uploads\/2020\/10\/Cable-Tray-CTC-EN-60-22.jpg\" alt=\"\" width=\"3300\" height=\"1770\" \/><\/p>\n<p><img loading=\"lazy\" decoding=\"async\" class=\"img-responsive size-full wp-image-17821\" src=\"https:\/\/bestray.com\/wp-content\/uploads\/2020\/10\/Cable-Tray-CTC-EN-60-23.jpg\" alt=\"\" width=\"3300\" height=\"1770\" \/><\/p>\n<p><img loading=\"lazy\" decoding=\"async\" class=\"img-responsive size-full wp-image-17823\" src=\"https:\/\/bestray.com\/wp-content\/uploads\/2020\/10\/Cable-Tray-CTC-EN-60-24.jpg\" alt=\"\" width=\"3300\" height=\"1770\" \/><\/p>\n<p><img loading=\"lazy\" decoding=\"async\" class=\"img-responsive size-full wp-image-17825\" src=\"https:\/\/bestray.com\/wp-content\/uploads\/2020\/10\/Cable-Tray-CTC-EN-60-25.jpg\" alt=\"\" width=\"3300\" height=\"1770\" \/><\/p>\n<p class=\"phanloai\">3. Curve Corner R=300 mm (Request)<\/p>\n<p><img loading=\"lazy\" decoding=\"async\" class=\"img-responsive size-full wp-image-17827\" src=\"https:\/\/bestray.com\/wp-content\/uploads\/2020\/10\/Cable-Tray-CTC-EN-60-31.jpg\" alt=\"\" width=\"3300\" height=\"1770\" \/><\/p>\n<p><img loading=\"lazy\" decoding=\"async\" class=\"img-responsive size-full wp-image-17829\" src=\"https:\/\/bestray.com\/wp-content\/uploads\/2020\/10\/Cable-Tray-CTC-EN-60-32.jpg\" alt=\"\" width=\"3300\" height=\"1770\" \/><\/p>\n<p><img loading=\"lazy\" decoding=\"async\" class=\"img-responsive size-full wp-image-17831\" src=\"https:\/\/bestray.com\/wp-content\/uploads\/2020\/10\/Cable-Tray-CTC-EN-60-33.jpg\" alt=\"\" width=\"3300\" height=\"1770\" \/><\/p>\n<p><img loading=\"lazy\" decoding=\"async\" class=\"img-responsive size-full wp-image-17833\" src=\"https:\/\/bestray.com\/wp-content\/uploads\/2020\/10\/Cable-Tray-CTC-EN-60-34.jpg\" alt=\"\" width=\"3300\" height=\"1770\" \/><\/p>\n<p><img loading=\"lazy\" decoding=\"async\" class=\"img-responsive size-full wp-image-17835\" src=\"https:\/\/bestray.com\/wp-content\/uploads\/2020\/10\/Cable-Tray-CTC-EN-60-35.jpg\" alt=\"\" width=\"3300\" height=\"1770\" \/><\/p>\n","protected":false},"excerpt":{"rendered":"<p>1. Diagonal Corner R=75 mm (Standard) 2. Diagonal Corner R=150 mm (Request) 3. Curve Corner R=300 mm (Request)<\/p>\n","protected":false},"featured_media":16568,"template":"","meta":{"_acf_changed":false},"product_cat":[236,251,252],"product_tag":[],"class_list":{"0":"post-16567","1":"product","2":"type-product","3":"status-publish","4":"has-post-thumbnail","6":"product_brand-best-tray","7":"product_cat-cable-management-en","8":"product_cat-cable-tray-ct","9":"product_cat-ctc","11":"first","12":"instock","13":"shipping-taxable","14":"product-type-simple"},"acf":[],"yoast_head":"<!-- This site is optimized with the Yoast SEO plugin v26.6 - https:\/\/yoast.com\/wordpress\/plugins\/seo\/ -->\n<title>Vertical Tee Down - Bestray Joint Stock Company<\/title>\n<meta name=\"description\" content=\"vertical tee down is a product of bestray It belongs to the cable tray product line We are committed to the quality of our products\" \/>\n<meta name=\"robots\" content=\"index, follow, max-snippet:-1, max-image-preview:large, max-video-preview:-1\" \/>\n<link rel=\"canonical\" href=\"https:\/\/bestray.com\/en\/vertical-tee-down-ctc\/\" \/>\n<meta name=\"geo.placename\" content=\"Th\u00e0nh ph\u1ed1 H\u1ed3 Ch\u00ed Minh\" \/>\n<meta name=\"geo.region\" content=\"Vietnam\" \/>\n<!-- \/ Yoast SEO plugin. -->","yoast_head_json":{"title":"Vertical Tee Down - Bestray Joint Stock Company","description":"vertical tee down is a product of bestray It belongs to the cable tray product line We are committed to the quality of our products","robots":{"index":"index","follow":"follow","max-snippet":"max-snippet:-1","max-image-preview":"max-image-preview:large","max-video-preview":"max-video-preview:-1"},"canonical":"https:\/\/bestray.com\/en\/vertical-tee-down-ctc\/","schema":{"@context":"https:\/\/schema.org","@graph":[{"@type":"WebPage","@id":"https:\/\/bestray.com\/en\/vertical-tee-down-ctc\/","url":"https:\/\/bestray.com\/en\/vertical-tee-down-ctc\/","name":"Vertical Tee Down - Bestray Joint Stock Company","isPartOf":{"@id":"https:\/\/bestray.com\/en\/#website"},"primaryImageOfPage":{"@id":"https:\/\/bestray.com\/en\/vertical-tee-down-ctc\/#primaryimage"},"image":{"@id":"https:\/\/bestray.com\/en\/vertical-tee-down-ctc\/#primaryimage"},"thumbnailUrl":"https:\/\/bestray.com\/wp-content\/uploads\/2020\/10\/Khay-Cap-CTC-15-1.jpg","datePublished":"2020-10-30T07:01:17+00:00","dateModified":"2021-07-29T06:24:36+00:00","description":"vertical tee down is a product of bestray It belongs to the cable tray product line We are committed to the quality of our products","breadcrumb":{"@id":"https:\/\/bestray.com\/en\/vertical-tee-down-ctc\/#breadcrumb"},"inLanguage":"en-US","potentialAction":[{"@type":"ReadAction","target":["https:\/\/bestray.com\/en\/vertical-tee-down-ctc\/"]}]},{"@type":"ImageObject","inLanguage":"en-US","@id":"https:\/\/bestray.com\/en\/vertical-tee-down-ctc\/#primaryimage","url":"https:\/\/bestray.com\/wp-content\/uploads\/2020\/10\/Khay-Cap-CTC-15-1.jpg","contentUrl":"https:\/\/bestray.com\/wp-content\/uploads\/2020\/10\/Khay-Cap-CTC-15-1.jpg","width":1700,"height":1700,"caption":"Khay-cap-CTC-15"},{"@type":"BreadcrumbList","@id":"https:\/\/bestray.com\/en\/vertical-tee-down-ctc\/#breadcrumb","itemListElement":[{"@type":"ListItem","position":1,"name":"Home","item":"https:\/\/bestray.com\/en\/"},{"@type":"ListItem","position":2,"name":"Products","item":"https:\/\/bestray.com\/shop\/"},{"@type":"ListItem","position":3,"name":"Cable Management","item":"https:\/\/bestray.com\/cable-management\/"},{"@type":"ListItem","position":4,"name":"Vertical Tee Down"}]},{"@type":"WebSite","@id":"https:\/\/bestray.com\/en\/#website","url":"https:\/\/bestray.com\/en\/","name":"Bestray Joint Stock Company","description":"","publisher":{"@id":"https:\/\/bestray.com\/en\/#organization"},"potentialAction":[{"@type":"SearchAction","target":{"@type":"EntryPoint","urlTemplate":"https:\/\/bestray.com\/en\/?s={search_term_string}"},"query-input":{"@type":"PropertyValueSpecification","valueRequired":true,"valueName":"search_term_string"}}],"inLanguage":"en-US"},{"@type":["Organization","Place","LocalBusiness"],"@id":"https:\/\/bestray.com\/en\/#organization","name":"C\u00d4NG TY C\u1ed4 PH\u1ea6N BESTRAY","url":"https:\/\/bestray.com\/en\/","logo":{"@id":"https:\/\/bestray.com\/en\/vertical-tee-down-ctc\/#local-main-organization-logo"},"image":{"@id":"https:\/\/bestray.com\/en\/vertical-tee-down-ctc\/#local-main-organization-logo"},"address":{"@id":"https:\/\/bestray.com\/en\/vertical-tee-down-ctc\/#local-main-place-address"},"geo":{"@type":"GeoCoordinates","latitude":"10.9021783","longitude":"106.5791444"},"telephone":["+84909089678"],"openingHoursSpecification":[{"@type":"OpeningHoursSpecification","dayOfWeek":["Monday","Tuesday","Wednesday","Thursday","Friday","Saturday"],"opens":"07:30","closes":"17:00"},{"@type":"OpeningHoursSpecification","dayOfWeek":["Sunday"],"opens":"00:00","closes":"00:00"}],"email":"info@bestray.com","areaServed":"Vi\u1ec7t Nam","vatID":"0315285398","taxID":"0315285398","priceRange":"$$$","currenciesAccepted":"VND"},{"@type":"PostalAddress","@id":"https:\/\/bestray.com\/en\/vertical-tee-down-ctc\/#local-main-place-address","streetAddress":"180\/7B \u1ea5p T\u00e2n Th\u1edbi 3, T\u00e2n Hi\u1ec7p, H\u00f3c M\u00f4n","addressLocality":"Th\u00e0nh ph\u1ed1 H\u1ed3 Ch\u00ed Minh","postalCode":"700000","addressRegion":"Th\u00e0nh ph\u1ed1 H\u1ed3 Ch\u00ed Minh","addressCountry":"VN"},{"@type":"ImageObject","inLanguage":"en-US","@id":"https:\/\/bestray.com\/en\/vertical-tee-down-ctc\/#local-main-organization-logo","url":"https:\/\/bestray.com\/wp-content\/uploads\/2018\/12\/logo-best-trang.png","contentUrl":"https:\/\/bestray.com\/wp-content\/uploads\/2018\/12\/logo-best-trang.png","width":180,"height":56,"caption":"C\u00d4NG TY C\u1ed4 PH\u1ea6N BESTRAY"}]},"geo.placename":"Th\u00e0nh ph\u1ed1 H\u1ed3 Ch\u00ed Minh","geo.position":{"lat":"10.9021783","long":"106.5791444"},"geo.region":"Vietnam"},"_links":{"self":[{"href":"https:\/\/bestray.com\/en\/wp-json\/wp\/v2\/product\/16567","targetHints":{"allow":["GET"]}}],"collection":[{"href":"https:\/\/bestray.com\/en\/wp-json\/wp\/v2\/product"}],"about":[{"href":"https:\/\/bestray.com\/en\/wp-json\/wp\/v2\/types\/product"}],"wp:featuredmedia":[{"embeddable":true,"href":"https:\/\/bestray.com\/en\/wp-json\/wp\/v2\/media\/16568"}],"wp:attachment":[{"href":"https:\/\/bestray.com\/en\/wp-json\/wp\/v2\/media?parent=16567"}],"wp:term":[{"taxonomy":"product_cat","embeddable":true,"href":"https:\/\/bestray.com\/en\/wp-json\/wp\/v2\/product_cat?post=16567"},{"taxonomy":"product_tag","embeddable":true,"href":"https:\/\/bestray.com\/en\/wp-json\/wp\/v2\/product_tag?post=16567"}],"curies":[{"name":"wp","href":"https:\/\/api.w.org\/{rel}","templated":true}]}}