{"id":8759,"date":"2019-11-14T09:17:17","date_gmt":"2019-11-14T02:17:17","guid":{"rendered":"http:\/\/ocsica.com\/?post_type=product&#038;p=8759"},"modified":"2021-06-19T14:03:21","modified_gmt":"2021-06-19T07:03:21","slug":"ck3-dual-wire-clamp-kit","status":"publish","type":"product","link":"https:\/\/bestray.com\/en\/ck3-dual-wire-clamp-kit\/","title":{"rendered":"CK3 (Dual Wire Clamp Kit)"},"content":{"rendered":"","protected":false},"excerpt":{"rendered":"<table class=\"bang1\" style=\"width: 99.7487%; height: 69px;\">\n<tbody>\n<tr class=\"my_table_head\" style=\"height: 20px;\">\n<td style=\"height: 20px;\" colspan=\"3\" width=\"752\">CODE<\/td>\n<\/tr>\n<tr class=\"my_table_head\" style=\"height: 20px;\">\n<td style=\"height: 20px;\" width=\"251\"><strong><span style=\"color: #f6f6f6; background: #ff00ff;\">S4<\/span><\/strong><\/td>\n<td style=\"height: 20px;\" width=\"251\"><span style=\"background-color: #800080; color: #ffffff;\"><strong>DC<\/strong><\/span><\/td>\n<td style=\"height: 20px;\" width=\"251\"><span style=\"background-color: #008000; color: #ffffff;\"><strong>EG<\/strong><\/span><\/td>\n<\/tr>\n<tr style=\"height: 20px;\">\n<td style=\"height: 20px;\" width=\"251\">CK3S4<\/td>\n<td style=\"height: 20px;\" width=\"251\">CK3DC<\/td>\n<td style=\"height: 20px;\" width=\"251\">CK3EG<\/td>\n<\/tr>\n<\/tbody>\n<\/table>\n<p>&nbsp;<\/p>\n<table class=\"bang2\" style=\"border-collapse: collapse; width: 99.7487%;\">\n<tbody>\n<tr>\n<td style=\"width: 100%; text-align: left;\"><span class=\"fontstyle2\"> <span class=\"fontstyle0\">\u2022 <\/span>Hold down clamp for trays width 50mm<br \/>\n<span class=\"fontstyle0\">\u2022 <\/span>CK3 = C25 + BLCV620B <\/span><\/td>\n<\/tr>\n<\/tbody>\n<\/table>\n<p>&nbsp;<\/p>\n","protected":false},"featured_media":13151,"template":"","meta":{"_acf_changed":false},"product_cat":[236,260,255],"product_tag":[],"class_list":{"0":"post-8759","1":"product","2":"type-product","3":"status-publish","4":"has-post-thumbnail","6":"product_brand-best-tray","7":"product_cat-cable-management-en","8":"product_cat-clamps","9":"product_cat-wire-mesh-cable-tray","11":"first","12":"instock","13":"shipping-taxable","14":"product-type-simple"},"acf":[],"yoast_head":"<!-- This site is optimized with the Yoast SEO plugin v26.6 - https:\/\/yoast.com\/wordpress\/plugins\/seo\/ -->\n<title>CK3 (Dual Wire Clamp Kit) - Bestray Joint Stock Company<\/title>\n<meta name=\"description\" content=\"CK3 (Dual Wire Clamp Kit)\" \/>\n<meta name=\"robots\" content=\"index, follow, max-snippet:-1, max-image-preview:large, max-video-preview:-1\" \/>\n<link rel=\"canonical\" href=\"https:\/\/bestray.com\/en\/ck3-dual-wire-clamp-kit\/\" \/>\n<meta name=\"geo.placename\" content=\"Th\u00e0nh ph\u1ed1 H\u1ed3 Ch\u00ed Minh\" \/>\n<meta name=\"geo.region\" content=\"Vietnam\" \/>\n<!-- \/ Yoast SEO plugin. -->","yoast_head_json":{"title":"CK3 (Dual Wire Clamp Kit) - Bestray Joint Stock Company","description":"CK3 (Dual Wire Clamp Kit)","robots":{"index":"index","follow":"follow","max-snippet":"max-snippet:-1","max-image-preview":"max-image-preview:large","max-video-preview":"max-video-preview:-1"},"canonical":"https:\/\/bestray.com\/en\/ck3-dual-wire-clamp-kit\/","schema":{"@context":"https:\/\/schema.org","@graph":[{"@type":"WebPage","@id":"https:\/\/bestray.com\/en\/ck3-dual-wire-clamp-kit\/","url":"https:\/\/bestray.com\/en\/ck3-dual-wire-clamp-kit\/","name":"CK3 (Dual Wire Clamp Kit) - Bestray Joint Stock Company","isPartOf":{"@id":"https:\/\/bestray.com\/en\/#website"},"primaryImageOfPage":{"@id":"https:\/\/bestray.com\/en\/ck3-dual-wire-clamp-kit\/#primaryimage"},"image":{"@id":"https:\/\/bestray.com\/en\/ck3-dual-wire-clamp-kit\/#primaryimage"},"thumbnailUrl":"https:\/\/bestray.com\/wp-content\/uploads\/2019\/11\/Wire-Mesh-Cable-Tray-19-CK3-1.jpg","datePublished":"2019-11-14T02:17:17+00:00","dateModified":"2021-06-19T07:03:21+00:00","description":"CK3 (Dual Wire Clamp Kit)","breadcrumb":{"@id":"https:\/\/bestray.com\/en\/ck3-dual-wire-clamp-kit\/#breadcrumb"},"inLanguage":"en-US","potentialAction":[{"@type":"ReadAction","target":["https:\/\/bestray.com\/en\/ck3-dual-wire-clamp-kit\/"]}]},{"@type":"ImageObject","inLanguage":"en-US","@id":"https:\/\/bestray.com\/en\/ck3-dual-wire-clamp-kit\/#primaryimage","url":"https:\/\/bestray.com\/wp-content\/uploads\/2019\/11\/Wire-Mesh-Cable-Tray-19-CK3-1.jpg","contentUrl":"https:\/\/bestray.com\/wp-content\/uploads\/2019\/11\/Wire-Mesh-Cable-Tray-19-CK3-1.jpg","width":1000,"height":1000,"caption":"Wire Mesh Cable Tray CK3"},{"@type":"BreadcrumbList","@id":"https:\/\/bestray.com\/en\/ck3-dual-wire-clamp-kit\/#breadcrumb","itemListElement":[{"@type":"ListItem","position":1,"name":"Home","item":"https:\/\/bestray.com\/en\/"},{"@type":"ListItem","position":2,"name":"Products","item":"https:\/\/bestray.com\/shop\/"},{"@type":"ListItem","position":3,"name":"Cable Management","item":"https:\/\/bestray.com\/en\/cable-management-en\/"},{"@type":"ListItem","position":4,"name":"CK3 (Dual Wire Clamp Kit)"}]},{"@type":"WebSite","@id":"https:\/\/bestray.com\/en\/#website","url":"https:\/\/bestray.com\/en\/","name":"Bestray Joint Stock Company","description":"","publisher":{"@id":"https:\/\/bestray.com\/en\/#organization"},"potentialAction":[{"@type":"SearchAction","target":{"@type":"EntryPoint","urlTemplate":"https:\/\/bestray.com\/en\/?s={search_term_string}"},"query-input":{"@type":"PropertyValueSpecification","valueRequired":true,"valueName":"search_term_string"}}],"inLanguage":"en-US"},{"@type":["Organization","Place","LocalBusiness"],"@id":"https:\/\/bestray.com\/en\/#organization","name":"C\u00d4NG TY C\u1ed4 PH\u1ea6N BESTRAY","url":"https:\/\/bestray.com\/en\/","logo":{"@id":"https:\/\/bestray.com\/en\/ck3-dual-wire-clamp-kit\/#local-main-organization-logo"},"image":{"@id":"https:\/\/bestray.com\/en\/ck3-dual-wire-clamp-kit\/#local-main-organization-logo"},"address":{"@id":"https:\/\/bestray.com\/en\/ck3-dual-wire-clamp-kit\/#local-main-place-address"},"geo":{"@type":"GeoCoordinates","latitude":"10.9021783","longitude":"106.5791444"},"telephone":["+84909089678"],"openingHoursSpecification":[{"@type":"OpeningHoursSpecification","dayOfWeek":["Monday","Tuesday","Wednesday","Thursday","Friday","Saturday"],"opens":"07:30","closes":"17:00"},{"@type":"OpeningHoursSpecification","dayOfWeek":["Sunday"],"opens":"00:00","closes":"00:00"}],"email":"info@bestray.com","areaServed":"Vi\u1ec7t Nam","vatID":"0315285398","taxID":"0315285398","priceRange":"$$$","currenciesAccepted":"VND"},{"@type":"PostalAddress","@id":"https:\/\/bestray.com\/en\/ck3-dual-wire-clamp-kit\/#local-main-place-address","streetAddress":"180\/7B \u1ea5p T\u00e2n Th\u1edbi 3, T\u00e2n Hi\u1ec7p, H\u00f3c M\u00f4n","addressLocality":"Th\u00e0nh ph\u1ed1 H\u1ed3 Ch\u00ed Minh","postalCode":"700000","addressRegion":"Th\u00e0nh ph\u1ed1 H\u1ed3 Ch\u00ed Minh","addressCountry":"VN"},{"@type":"ImageObject","inLanguage":"en-US","@id":"https:\/\/bestray.com\/en\/ck3-dual-wire-clamp-kit\/#local-main-organization-logo","url":"https:\/\/bestray.com\/wp-content\/uploads\/2018\/12\/logo-best-trang.png","contentUrl":"https:\/\/bestray.com\/wp-content\/uploads\/2018\/12\/logo-best-trang.png","width":180,"height":56,"caption":"C\u00d4NG TY C\u1ed4 PH\u1ea6N BESTRAY"}]},"geo.placename":"Th\u00e0nh ph\u1ed1 H\u1ed3 Ch\u00ed Minh","geo.position":{"lat":"10.9021783","long":"106.5791444"},"geo.region":"Vietnam"},"_links":{"self":[{"href":"https:\/\/bestray.com\/en\/wp-json\/wp\/v2\/product\/8759","targetHints":{"allow":["GET"]}}],"collection":[{"href":"https:\/\/bestray.com\/en\/wp-json\/wp\/v2\/product"}],"about":[{"href":"https:\/\/bestray.com\/en\/wp-json\/wp\/v2\/types\/product"}],"wp:featuredmedia":[{"embeddable":true,"href":"https:\/\/bestray.com\/en\/wp-json\/wp\/v2\/media\/13151"}],"wp:attachment":[{"href":"https:\/\/bestray.com\/en\/wp-json\/wp\/v2\/media?parent=8759"}],"wp:term":[{"taxonomy":"product_cat","embeddable":true,"href":"https:\/\/bestray.com\/en\/wp-json\/wp\/v2\/product_cat?post=8759"},{"taxonomy":"product_tag","embeddable":true,"href":"https:\/\/bestray.com\/en\/wp-json\/wp\/v2\/product_tag?post=8759"}],"curies":[{"name":"wp","href":"https:\/\/api.w.org\/{rel}","templated":true}]}}