{"id":8869,"date":"2019-11-14T15:53:16","date_gmt":"2019-11-14T08:53:16","guid":{"rendered":"http:\/\/ocsica.com\/?post_type=product&#038;p=8869"},"modified":"2020-05-20T10:31:27","modified_gmt":"2020-05-20T03:31:27","slug":"bldd-round-head-bolt","status":"publish","type":"product","link":"https:\/\/bestray.com\/en\/bldd-round-head-bolt\/","title":{"rendered":"BLDD (Round Head Bolt)"},"content":{"rendered":"<p><img fetchpriority=\"high\" decoding=\"async\" class=\"img-responsive aligncenter size-full wp-image-8864\" src=\"https:\/\/bestray.com\/wp-content\/uploads\/2019\/11\/Cable-Mesh-34-2.png\" alt=\"\" width=\"3185\" height=\"1685\" srcset=\"https:\/\/bestray.com\/wp-content\/uploads\/2019\/11\/Cable-Mesh-34-2.png 3185w, https:\/\/bestray.com\/wp-content\/uploads\/2019\/11\/Cable-Mesh-34-2-600x317.png 600w, https:\/\/bestray.com\/wp-content\/uploads\/2019\/11\/Cable-Mesh-34-2-300x159.png 300w, https:\/\/bestray.com\/wp-content\/uploads\/2019\/11\/Cable-Mesh-34-2-768x406.png 768w, https:\/\/bestray.com\/wp-content\/uploads\/2019\/11\/Cable-Mesh-34-2-1024x542.png 1024w\" sizes=\"(max-width: 3185px) 100vw, 3185px\" \/><\/p>\n<p>&nbsp;<\/p>\n<p style=\"text-align: center;\"><span style=\"color: #ffffff; background-color: #ff0000;\"><strong>S6<\/strong><\/span><span style=\"color: #ffffff;\"><strong>\u00a0<span style=\"color: #000000;\"> (<\/span><\/strong><\/span><span style=\"color: #000000;\">SUS316) <\/span><span style=\"color: #ffffff; background-color: #ff00ff;\"><strong>S4<\/strong><\/span> (SUS304) <span style=\"background-color: #800000; color: #ffffff;\"><strong>HG<\/strong><\/span> (Hot Dip Galvanized) <span style=\"background-color: #800080; color: #ffffff;\"><strong>DC<\/strong><\/span> (Dacromet Coating) <span style=\"background-color: #000000; color: #ffffff;\"><strong>PG<\/strong><\/span> (Pre Galvanized) <span style=\"background-color: #008000; color: #ffffff;\"><strong>EG<\/strong><\/span> (Electro Galvanized) <span style=\"background-color: #0000ff; color: #ffffff;\">PC<\/span> (Power Coating)<\/p>\n","protected":false},"excerpt":{"rendered":"<table class=\"bang1\" style=\"width: 94.9035%; height: 69px;\">\n<tbody>\n<tr class=\"my_table_head\" style=\"height: 23px;\">\n<td style=\"width: 18.7364%; height: 46px;\" rowspan=\"2\"><strong>Size<\/strong><\/td>\n<td style=\"width: 128.054%; height: 23px;\" colspan=\"3\"><strong>Code<\/strong><\/td>\n<\/tr>\n<tr class=\"my_table_head\" style=\"height: 23px;\">\n<td style=\"width: 26.6311%; height: 23px;\"><span style=\"background-color: #ff00ff; color: #ffffff;\">S4<\/span><\/td>\n<td style=\"width: 25.8786%; height: 23px;\"><span style=\"background-color: #800080; color: #ffffff;\">DC<\/span><\/td>\n<td style=\"width: 75.5448%; height: 23px;\"><span style=\"background-color: #008000; color: #ffffff;\">EG<\/span><\/td>\n<\/tr>\n<tr style=\"height: 23px;\">\n<td style=\"width: 18.7364%; height: 23px;\">M6x20L<\/td>\n<td style=\"width: 26.6311%; height: 23px;\">BLDD620S4<\/td>\n<td style=\"width: 25.8786%; height: 23px;\">BLDD620DC<\/td>\n<td style=\"width: 75.5448%; height: 23px;\">BLDD620EG<\/td>\n<\/tr>\n<\/tbody>\n<\/table>\n","protected":false},"featured_media":13443,"template":"","meta":{"_acf_changed":false},"product_cat":[256,236,255],"product_tag":[],"class_list":{"0":"post-8869","1":"product","2":"type-product","3":"status-publish","4":"has-post-thumbnail","6":"product_brand-best-tray","7":"product_cat-accessories","8":"product_cat-cable-management-en","9":"product_cat-wire-mesh-cable-tray","11":"first","12":"instock","13":"shipping-taxable","14":"product-type-simple"},"acf":[],"yoast_head":"<!-- This site is optimized with the Yoast SEO plugin v26.6 - https:\/\/yoast.com\/wordpress\/plugins\/seo\/ -->\n<title>BLDD (Round Head Bolt) - Bestray Joint Stock Company<\/title>\n<meta name=\"description\" content=\"BLDD (Round Head Bolt)\" \/>\n<meta name=\"robots\" content=\"index, follow, max-snippet:-1, max-image-preview:large, max-video-preview:-1\" \/>\n<link rel=\"canonical\" href=\"https:\/\/bestray.com\/en\/bldd-round-head-bolt\/\" \/>\n<meta name=\"geo.placename\" content=\"Th\u00e0nh ph\u1ed1 H\u1ed3 Ch\u00ed Minh\" \/>\n<meta name=\"geo.region\" content=\"Vietnam\" \/>\n<!-- \/ Yoast SEO plugin. -->","yoast_head_json":{"title":"BLDD (Round Head Bolt) - Bestray Joint Stock Company","description":"BLDD (Round Head Bolt)","robots":{"index":"index","follow":"follow","max-snippet":"max-snippet:-1","max-image-preview":"max-image-preview:large","max-video-preview":"max-video-preview:-1"},"canonical":"https:\/\/bestray.com\/en\/bldd-round-head-bolt\/","schema":{"@context":"https:\/\/schema.org","@graph":[{"@type":"WebPage","@id":"https:\/\/bestray.com\/en\/bldd-round-head-bolt\/","url":"https:\/\/bestray.com\/en\/bldd-round-head-bolt\/","name":"BLDD (Round Head Bolt) - Bestray Joint Stock Company","isPartOf":{"@id":"https:\/\/bestray.com\/en\/#website"},"primaryImageOfPage":{"@id":"https:\/\/bestray.com\/en\/bldd-round-head-bolt\/#primaryimage"},"image":{"@id":"https:\/\/bestray.com\/en\/bldd-round-head-bolt\/#primaryimage"},"thumbnailUrl":"https:\/\/bestray.com\/wp-content\/uploads\/2019\/11\/Wire-Mesh-Cable-Tray-34-BLDD-1.jpg","datePublished":"2019-11-14T08:53:16+00:00","dateModified":"2020-05-20T03:31:27+00:00","description":"BLDD (Round Head Bolt)","breadcrumb":{"@id":"https:\/\/bestray.com\/en\/bldd-round-head-bolt\/#breadcrumb"},"inLanguage":"en-US","potentialAction":[{"@type":"ReadAction","target":["https:\/\/bestray.com\/en\/bldd-round-head-bolt\/"]}]},{"@type":"ImageObject","inLanguage":"en-US","@id":"https:\/\/bestray.com\/en\/bldd-round-head-bolt\/#primaryimage","url":"https:\/\/bestray.com\/wp-content\/uploads\/2019\/11\/Wire-Mesh-Cable-Tray-34-BLDD-1.jpg","contentUrl":"https:\/\/bestray.com\/wp-content\/uploads\/2019\/11\/Wire-Mesh-Cable-Tray-34-BLDD-1.jpg","width":1000,"height":1000,"caption":"Wire Mesh Cable Tray BLDD"},{"@type":"BreadcrumbList","@id":"https:\/\/bestray.com\/en\/bldd-round-head-bolt\/#breadcrumb","itemListElement":[{"@type":"ListItem","position":1,"name":"Home","item":"https:\/\/bestray.com\/en\/"},{"@type":"ListItem","position":2,"name":"Products","item":"https:\/\/bestray.com\/shop\/"},{"@type":"ListItem","position":3,"name":"Cable Management","item":"https:\/\/bestray.com\/en\/cable-management-en\/"},{"@type":"ListItem","position":4,"name":"BLDD (Round Head Bolt)"}]},{"@type":"WebSite","@id":"https:\/\/bestray.com\/en\/#website","url":"https:\/\/bestray.com\/en\/","name":"Bestray Joint Stock Company","description":"","publisher":{"@id":"https:\/\/bestray.com\/en\/#organization"},"potentialAction":[{"@type":"SearchAction","target":{"@type":"EntryPoint","urlTemplate":"https:\/\/bestray.com\/en\/?s={search_term_string}"},"query-input":{"@type":"PropertyValueSpecification","valueRequired":true,"valueName":"search_term_string"}}],"inLanguage":"en-US"},{"@type":["Organization","Place","LocalBusiness"],"@id":"https:\/\/bestray.com\/en\/#organization","name":"C\u00d4NG TY C\u1ed4 PH\u1ea6N BESTRAY","url":"https:\/\/bestray.com\/en\/","logo":{"@id":"https:\/\/bestray.com\/en\/bldd-round-head-bolt\/#local-main-organization-logo"},"image":{"@id":"https:\/\/bestray.com\/en\/bldd-round-head-bolt\/#local-main-organization-logo"},"address":{"@id":"https:\/\/bestray.com\/en\/bldd-round-head-bolt\/#local-main-place-address"},"geo":{"@type":"GeoCoordinates","latitude":"10.9021783","longitude":"106.5791444"},"telephone":["+84909089678"],"openingHoursSpecification":[{"@type":"OpeningHoursSpecification","dayOfWeek":["Monday","Tuesday","Wednesday","Thursday","Friday","Saturday"],"opens":"07:30","closes":"17:00"},{"@type":"OpeningHoursSpecification","dayOfWeek":["Sunday"],"opens":"00:00","closes":"00:00"}],"email":"info@bestray.com","areaServed":"Vi\u1ec7t Nam","vatID":"0315285398","taxID":"0315285398","priceRange":"$$$","currenciesAccepted":"VND"},{"@type":"PostalAddress","@id":"https:\/\/bestray.com\/en\/bldd-round-head-bolt\/#local-main-place-address","streetAddress":"180\/7B \u1ea5p T\u00e2n Th\u1edbi 3, T\u00e2n Hi\u1ec7p, H\u00f3c M\u00f4n","addressLocality":"Th\u00e0nh ph\u1ed1 H\u1ed3 Ch\u00ed Minh","postalCode":"700000","addressRegion":"Th\u00e0nh ph\u1ed1 H\u1ed3 Ch\u00ed Minh","addressCountry":"VN"},{"@type":"ImageObject","inLanguage":"en-US","@id":"https:\/\/bestray.com\/en\/bldd-round-head-bolt\/#local-main-organization-logo","url":"https:\/\/bestray.com\/wp-content\/uploads\/2018\/12\/logo-best-trang.png","contentUrl":"https:\/\/bestray.com\/wp-content\/uploads\/2018\/12\/logo-best-trang.png","width":180,"height":56,"caption":"C\u00d4NG TY C\u1ed4 PH\u1ea6N BESTRAY"}]},"geo.placename":"Th\u00e0nh ph\u1ed1 H\u1ed3 Ch\u00ed Minh","geo.position":{"lat":"10.9021783","long":"106.5791444"},"geo.region":"Vietnam"},"_links":{"self":[{"href":"https:\/\/bestray.com\/en\/wp-json\/wp\/v2\/product\/8869","targetHints":{"allow":["GET"]}}],"collection":[{"href":"https:\/\/bestray.com\/en\/wp-json\/wp\/v2\/product"}],"about":[{"href":"https:\/\/bestray.com\/en\/wp-json\/wp\/v2\/types\/product"}],"wp:featuredmedia":[{"embeddable":true,"href":"https:\/\/bestray.com\/en\/wp-json\/wp\/v2\/media\/13443"}],"wp:attachment":[{"href":"https:\/\/bestray.com\/en\/wp-json\/wp\/v2\/media?parent=8869"}],"wp:term":[{"taxonomy":"product_cat","embeddable":true,"href":"https:\/\/bestray.com\/en\/wp-json\/wp\/v2\/product_cat?post=8869"},{"taxonomy":"product_tag","embeddable":true,"href":"https:\/\/bestray.com\/en\/wp-json\/wp\/v2\/product_tag?post=8869"}],"curies":[{"name":"wp","href":"https:\/\/api.w.org\/{rel}","templated":true}]}}